{"id":39,"date":"2025-05-21T07:20:04","date_gmt":"2025-05-21T07:20:04","guid":{"rendered":"https:\/\/besafood.pl\/?page_id=39"},"modified":"2025-08-07T14:17:34","modified_gmt":"2025-08-07T14:17:34","slug":"logistyka","status":"publish","type":"page","link":"https:\/\/besafood.pl\/tr\/logistyka\/","title":{"rendered":"Lojistik"},"content":{"rendered":"<div data-elementor-type=\"wp-page\" data-elementor-id=\"39\" class=\"elementor elementor-39\">\n\t\t\t\t<div class=\"elementor-element elementor-element-f5cfe30 e-flex e-con-boxed e-con e-parent\" data-id=\"f5cfe30\" data-element_type=\"container\">\n\t\t\t\t\t<div class=\"e-con-inner\">\n\t\t<div class=\"elementor-element elementor-element-af07517 e-con-full e-flex e-con e-child\" data-id=\"af07517\" data-element_type=\"container\">\n\t\t\t\t<div class=\"elementor-element elementor-element-4c2f162 elementor-widget elementor-widget-image\" data-id=\"4c2f162\" data-element_type=\"widget\" data-widget_type=\"image.default\">\n\t\t\t\t<div class=\"elementor-widget-container\">\n\t\t\t\t\t\t\t\t\t\t\t\t\t\t\t<img fetchpriority=\"high\" decoding=\"async\" width=\"994\" height=\"994\" src=\"https:\/\/besafood.pl\/wp-content\/uploads\/2025\/06\/besaf.png\" class=\"attachment-large size-large wp-image-241\" alt=\"\" srcset=\"https:\/\/besafood.pl\/wp-content\/uploads\/2025\/06\/besaf.png 994w, https:\/\/besafood.pl\/wp-content\/uploads\/2025\/06\/besaf-300x300.png 300w, https:\/\/besafood.pl\/wp-content\/uploads\/2025\/06\/besaf-150x150.png 150w, https:\/\/besafood.pl\/wp-content\/uploads\/2025\/06\/besaf-768x768.png 768w\" sizes=\"(max-width: 994px) 100vw, 994px\" \/>\t\t\t\t\t\t\t\t\t\t\t\t\t\t\t<\/div>\n\t\t\t\t<\/div>\n\t\t\t\t<\/div>\n\t\t<div class=\"elementor-element elementor-element-0433dbc e-con-full e-flex e-con e-child\" data-id=\"0433dbc\" data-element_type=\"container\">\n\t\t\t\t<div class=\"elementor-element elementor-element-9450cdb elementor-widget-divider--view-line_text elementor-widget-divider--element-align-left elementor-widget elementor-widget-divider\" data-id=\"9450cdb\" data-element_type=\"widget\" data-widget_type=\"divider.default\">\n\t\t\t\t<div class=\"elementor-widget-container\">\n\t\t\t\t\t\t\t<div class=\"elementor-divider\">\n\t\t\t<span class=\"elementor-divider-separator\">\n\t\t\t\t\t\t\t<h2 class=\"elementor-divider__text elementor-divider__element\">\n\t\t\t\tKebab Halal\t\t\t\t<\/h2>\n\t\t\t\t\t\t<\/span>\n\t\t<\/div>\n\t\t\t\t\t\t<\/div>\n\t\t\t\t<\/div>\n\t\t\t\t<div class=\"elementor-element elementor-element-9cdb561 elementor-widget elementor-widget-heading\" data-id=\"9cdb561\" data-element_type=\"widget\" data-widget_type=\"heading.default\">\n\t\t\t\t<div class=\"elementor-widget-container\">\n\t\t\t\t\t<h2 class=\"elementor-heading-title elementor-size-default\">Lojistik ve Ta\u015f\u0131mac\u0131l\u0131k<\/h2>\t\t\t\t<\/div>\n\t\t\t\t<\/div>\n\t\t\t\t<div class=\"elementor-element elementor-element-fd07a9e elementor-widget elementor-widget-text-editor\" data-id=\"fd07a9e\" data-element_type=\"widget\" data-widget_type=\"text-editor.default\">\n\t\t\t\t<div class=\"elementor-widget-container\">\n\t\t\t\t\t\t\t\t\t<p data-start=\"138\" data-end=\"430\">Besa Food olarak, g\u0131da sekt\u00f6r\u00fcnde g\u00fcvenilirlik ve zaman\u0131nda teslimat\u0131n ne kadar kritik oldu\u011funun tamamen fark\u0131nday\u0131z. Bu nedenle, kebap \u00fcr\u00fcnlerimizi t\u00fcm Avrupa Birli\u011fi genelinde verimli ve zaman\u0131nda teslim etmemizi sa\u011flayan geli\u015fmi\u015f bir lojistik ve nakliye sistemi kurduk.<\/p><p data-start=\"432\" data-end=\"859\">Modern bir so\u011futmal\u0131 ara\u00e7 filosuna sahibiz ve yaln\u0131zca g\u00fcvenilir, denenmi\u015f lojistik ortaklar\u0131yla \u00e7al\u0131\u015f\u0131yoruz. B\u00f6ylece \u00fcr\u00fcnlerimizin ta\u015f\u0131mac\u0131l\u0131\u011f\u0131n her a\u015famas\u0131nda tazeli\u011fini ve en y\u00fcksek kalitesini koruyaca\u011f\u0131n\u0131n garantisini verebiliyoruz. M\u00fc\u015fteri yelpazemiz olduk\u00e7a geni\u015ftir \u2013 k\u00fc\u00e7\u00fck yerel yemek i\u015fletmelerinden, b\u00fcy\u00fck restoran zincirlerine, toptanc\u0131lara ve g\u0131da distrib\u00fct\u00f6rlerine kadar.<\/p><p data-start=\"861\" data-end=\"1207\">Lojistik \u00e7\u00f6z\u00fcmlerimiz esnek olup m\u00fc\u015fterilerimizin bireysel ihtiya\u00e7lar\u0131na g\u00f6re uyarlan\u0131r; bu sayede hem standart teslimatlar\u0131 hem de \u00f6zel gereksinimlere y\u00f6nelik sipari\u015fleri yerine getirebiliyoruz. Bu \u015fekilde, farkl\u0131 Avrupa pazarlar\u0131nda i\u015f ortaklar\u0131m\u0131z\u0131n i\u015flerini b\u00fcy\u00fctmeleri i\u00e7in tam memnuniyet ve destek sa\u011fl\u0131yoruz.<\/p>\t\t\t\t\t\t\t\t<\/div>\n\t\t\t\t<\/div>\n\t\t\t\t<\/div>\n\t\t\t\t\t<\/div>\n\t\t\t\t<\/div>\n\t\t<div class=\"elementor-element elementor-element-f749984 e-flex e-con-boxed e-con e-parent\" data-id=\"f749984\" data-element_type=\"container\" data-settings=\"{&quot;background_background&quot;:&quot;classic&quot;}\">\n\t\t\t\t\t<div class=\"e-con-inner\">\n\t\t\t\t<div class=\"elementor-element elementor-element-fbfbd84 elementor-widget-divider--view-line_text elementor-widget-divider--element-align-center elementor-widget elementor-widget-divider\" data-id=\"fbfbd84\" data-element_type=\"widget\" data-widget_type=\"divider.default\">\n\t\t\t\t<div class=\"elementor-widget-container\">\n\t\t\t\t\t\t\t<div class=\"elementor-divider\">\n\t\t\t<span class=\"elementor-divider-separator\">\n\t\t\t\t\t\t\t<h2 class=\"elementor-divider__text elementor-divider__element\">\n\t\t\t\tKebab \u00dcreticisi\t\t\t\t<\/h2>\n\t\t\t\t\t\t<\/span>\n\t\t<\/div>\n\t\t\t\t\t\t<\/div>\n\t\t\t\t<\/div>\n\t\t\t\t<div class=\"elementor-element elementor-element-a675935 elementor-widget elementor-widget-heading\" data-id=\"a675935\" data-element_type=\"widget\" data-widget_type=\"heading.default\">\n\t\t\t\t<div class=\"elementor-widget-container\">\n\t\t\t\t\t<h2 class=\"elementor-heading-title elementor-size-default\">\u00dcr\u00fcnlerimizi Ke\u015ffedin<\/h2>\t\t\t\t<\/div>\n\t\t\t\t<\/div>\n\t\t<div class=\"elementor-element elementor-element-c5185d3 e-con-full e-flex e-con e-child\" data-id=\"c5185d3\" data-element_type=\"container\" data-settings=\"{&quot;background_background&quot;:&quot;classic&quot;}\">\n\t\t<div class=\"elementor-element elementor-element-da68a17 e-grid e-con-full e-con e-child\" data-id=\"da68a17\" data-element_type=\"container\">\n\t\t\t\t<div class=\"elementor-element elementor-element-7992b2c elementor-position-top elementor-widget elementor-widget-image-box\" data-id=\"7992b2c\" data-element_type=\"widget\" data-widget_type=\"image-box.default\">\n\t\t\t\t<div class=\"elementor-widget-container\">\n\t\t\t\t\t<div class=\"elementor-image-box-wrapper\"><figure class=\"elementor-image-box-img\"><a href=\"https:\/\/besafood.pl\/tr\/kurczak\/\" tabindex=\"-1\"><img decoding=\"async\" width=\"128\" height=\"128\" src=\"https:\/\/besafood.pl\/wp-content\/uploads\/2025\/06\/chicken-1.png\" class=\"elementor-animation-pulse attachment-full size-full wp-image-152\" alt=\"\" \/><\/a><\/figure><div class=\"elementor-image-box-content\"><h3 class=\"elementor-image-box-title\"><a href=\"https:\/\/besafood.pl\/tr\/kurczak\/\">Tavuk Kebab\u0131<\/a><\/h3><\/div><\/div>\t\t\t\t<\/div>\n\t\t\t\t<\/div>\n\t\t\t\t<div class=\"elementor-element elementor-element-f89cdcb elementor-position-top elementor-widget elementor-widget-image-box\" data-id=\"f89cdcb\" data-element_type=\"widget\" data-widget_type=\"image-box.default\">\n\t\t\t\t<div class=\"elementor-widget-container\">\n\t\t\t\t\t<div class=\"elementor-image-box-wrapper\"><figure class=\"elementor-image-box-img\"><a href=\"https:\/\/besafood.pl\/tr\/wolowina\/\" tabindex=\"-1\"><img decoding=\"async\" width=\"128\" height=\"128\" src=\"https:\/\/besafood.pl\/wp-content\/uploads\/2025\/06\/beef-3.png\" class=\"elementor-animation-pulse attachment-full size-full wp-image-153\" alt=\"\" \/><\/a><\/figure><div class=\"elementor-image-box-content\"><h3 class=\"elementor-image-box-title\"><a href=\"https:\/\/besafood.pl\/tr\/wolowina\/\">Dana Kebab\u0131<\/a><\/h3><\/div><\/div>\t\t\t\t<\/div>\n\t\t\t\t<\/div>\n\t\t\t\t<div class=\"elementor-element elementor-element-99609a3 elementor-position-top elementor-widget elementor-widget-image-box\" data-id=\"99609a3\" data-element_type=\"widget\" data-widget_type=\"image-box.default\">\n\t\t\t\t<div class=\"elementor-widget-container\">\n\t\t\t\t\t<div class=\"elementor-image-box-wrapper\"><figure class=\"elementor-image-box-img\"><a href=\"https:\/\/besafood.pl\/tr\/elementy-drobiowe\/\" tabindex=\"-1\"><img loading=\"lazy\" decoding=\"async\" width=\"128\" height=\"128\" src=\"https:\/\/besafood.pl\/wp-content\/uploads\/2025\/06\/chicken-leg.png\" class=\"elementor-animation-pulse attachment-full size-full wp-image-154\" alt=\"\" \/><\/a><\/figure><div class=\"elementor-image-box-content\"><h3 class=\"elementor-image-box-title\"><a href=\"https:\/\/besafood.pl\/tr\/elementy-drobiowe\/\">Tavuk Par\u00e7alar\u0131<\/a><\/h3><\/div><\/div>\t\t\t\t<\/div>\n\t\t\t\t<\/div>\n\t\t\t\t<div class=\"elementor-element elementor-element-2ff2989 elementor-position-top elementor-widget elementor-widget-image-box\" data-id=\"2ff2989\" data-element_type=\"widget\" data-widget_type=\"image-box.default\">\n\t\t\t\t<div class=\"elementor-widget-container\">\n\t\t\t\t\t<div class=\"elementor-image-box-wrapper\"><figure class=\"elementor-image-box-img\"><a href=\"https:\/\/besafood.pl\/tr\/elementy-wolowe\/\" tabindex=\"-1\"><img loading=\"lazy\" decoding=\"async\" width=\"128\" height=\"128\" src=\"https:\/\/besafood.pl\/wp-content\/uploads\/2025\/06\/meat-1.png\" class=\"elementor-animation-pulse attachment-full size-full wp-image-151\" alt=\"\" \/><\/a><\/figure><div class=\"elementor-image-box-content\"><h3 class=\"elementor-image-box-title\"><a href=\"https:\/\/besafood.pl\/tr\/elementy-wolowe\/\">Dana Par\u00e7alar\u0131<\/a><\/h3><\/div><\/div>\t\t\t\t<\/div>\n\t\t\t\t<\/div>\n\t\t\t\t<\/div>\n\t\t\t\t<\/div>\n\t\t\t\t\t<\/div>\n\t\t\t\t<\/div>\n\t\t<div class=\"elementor-element elementor-element-165ef65 e-con-full e-flex e-con e-parent\" data-id=\"165ef65\" data-element_type=\"container\" data-settings=\"{&quot;background_background&quot;:&quot;classic&quot;}\">\n\t\t<div class=\"elementor-element elementor-element-a3a6654 e-flex e-con-boxed e-con e-child\" data-id=\"a3a6654\" data-element_type=\"container\">\n\t\t\t\t\t<div class=\"e-con-inner\">\n\t\t\t\t<div class=\"elementor-element elementor-element-01e1576 elementor-widget-divider--view-line_text elementor-widget-divider--element-align-center elementor-widget elementor-widget-divider\" data-id=\"01e1576\" data-element_type=\"widget\" data-widget_type=\"divider.default\">\n\t\t\t\t<div class=\"elementor-widget-container\">\n\t\t\t\t\t\t\t<div class=\"elementor-divider\">\n\t\t\t<span class=\"elementor-divider-separator\">\n\t\t\t\t\t\t\t<h2 class=\"elementor-divider__text elementor-divider__element\">\n\t\t\t\tKebab Halal\t\t\t\t<\/h2>\n\t\t\t\t\t\t<\/span>\n\t\t<\/div>\n\t\t\t\t\t\t<\/div>\n\t\t\t\t<\/div>\n\t\t\t\t<div class=\"elementor-element elementor-element-b8032c3 elementor-widget elementor-widget-heading\" data-id=\"b8032c3\" data-element_type=\"widget\" data-widget_type=\"heading.default\">\n\t\t\t\t<div class=\"elementor-widget-container\">\n\t\t\t\t\t<h2 class=\"elementor-heading-title elementor-size-default\">Kebab \u00dcreticisi<\/h2>\t\t\t\t<\/div>\n\t\t\t\t<\/div>\n\t\t\t\t<div class=\"elementor-element elementor-element-0423f37 elementor-widget elementor-widget-text-editor\" data-id=\"0423f37\" data-element_type=\"widget\" data-widget_type=\"text-editor.default\">\n\t\t\t\t<div class=\"elementor-widget-container\">\n\t\t\t\t\t\t\t\t\t<p data-start=\"108\" data-end=\"223\">Tutku ve \u00f6zveriyle, en se\u00e7ici m\u00fc\u015fterilerin beklentilerini bile kar\u015f\u0131layan kebaplar \u00fcretiyoruz.<\/p><p data-start=\"225\" data-end=\"340\">Avrupa\u2019n\u0131n her yerinde aktif olarak faaliyet g\u00f6steriyor ve \u00fcr\u00fcnlerimizi kalite ve lezzetin \u00f6nemli oldu\u011fu her yere ula\u015ft\u0131r\u0131yoruz.<\/p><p data-start=\"342\" data-end=\"635\">Besa Food yaln\u0131zca deneyimli bir ekip taraf\u0131ndan haz\u0131rlanan m\u00fckemmel kebaplardan ibaret de\u011fildir; ayn\u0131 zamanda \u00f6zenle kemiksiz hale getirilmi\u015f, birinci s\u0131n\u0131f taze ettir. Y\u0131llard\u0131r tan\u0131nm\u0131\u015f, sertifikal\u0131 HELAL mezbahalar\u0131yla i\u015fbirli\u011fi yap\u0131yoruz ve bu sayede en y\u00fcksek standartlara uygun \u00fcr\u00fcnler sunuyoruz.<\/p><p data-start=\"637\" data-end=\"862\">HELAL sertifikam\u0131z ve Siedlce yak\u0131nlar\u0131ndaki Ujrzan\u00f3w\u2019da bulunan modern \u00fcretim tesisimiz ile m\u00fc\u015fterilerimize g\u00fcvenlik, kalite ve \u00fcr\u00fcnlerimizin k\u00f6kenine tam g\u00fcven sunuyoruz.<\/p><p data-start=\"864\" data-end=\"970\">\u00dcr\u00fcnlerimizi bir\u00e7ok Avrupa \u00fclkesine ula\u015ft\u0131r\u0131yor ve memnun m\u00fc\u015fteri a\u011f\u0131m\u0131z\u0131 s\u00fcrekli geni\u015fletiyoruz.<\/p>\t\t\t\t\t\t\t\t<\/div>\n\t\t\t\t<\/div>\n\t\t\t\t<div class=\"elementor-element elementor-element-0883f36 elementor-widget elementor-widget-image\" data-id=\"0883f36\" data-element_type=\"widget\" data-widget_type=\"image.default\">\n\t\t\t\t<div class=\"elementor-widget-container\">\n\t\t\t\t\t\t\t\t\t\t\t\t\t\t\t<img loading=\"lazy\" decoding=\"async\" width=\"1024\" height=\"1012\" src=\"https:\/\/besafood.pl\/wp-content\/uploads\/2025\/06\/Halal_logo.svg_-1024x1012.png\" class=\"attachment-large size-large wp-image-202\" alt=\"\" srcset=\"https:\/\/besafood.pl\/wp-content\/uploads\/2025\/06\/Halal_logo.svg_-1024x1012.png 1024w, https:\/\/besafood.pl\/wp-content\/uploads\/2025\/06\/Halal_logo.svg_-300x297.png 300w, https:\/\/besafood.pl\/wp-content\/uploads\/2025\/06\/Halal_logo.svg_-768x759.png 768w, https:\/\/besafood.pl\/wp-content\/uploads\/2025\/06\/Halal_logo.svg_.png 1200w\" sizes=\"(max-width: 1024px) 100vw, 1024px\" \/>\t\t\t\t\t\t\t\t\t\t\t\t\t\t\t<\/div>\n\t\t\t\t<\/div>\n\t\t\t\t\t<\/div>\n\t\t\t\t<\/div>\n\t\t\t\t<\/div>\n\t\t\t\t<\/div>","protected":false},"excerpt":{"rendered":"<p>Kebab Halal Logistyka oraz transport W Besa Food doskonale zdajemy sobie spraw\u0119, jak kluczowa w bran\u017cy spo\u017cywczej jest niezawodno\u015b\u0107 i [&hellip;]<\/p>","protected":false},"author":1,"featured_media":0,"parent":0,"menu_order":0,"comment_status":"closed","ping_status":"closed","template":"","meta":{"site-sidebar-layout":"no-sidebar","site-content-layout":"","ast-site-content-layout":"full-width-container","site-content-style":"default","site-sidebar-style":"default","ast-global-header-display":"","ast-banner-title-visibility":"","ast-main-header-display":"","ast-hfb-above-header-display":"","ast-hfb-below-header-display":"","ast-hfb-mobile-header-display":"","site-post-title":"disabled","ast-breadcrumbs-content":"","ast-featured-img":"disabled","footer-sml-layout":"","theme-transparent-header-meta":"","adv-header-id-meta":"","stick-header-meta":"","header-above-stick-meta":"","header-main-stick-meta":"","header-below-stick-meta":"","astra-migrate-meta-layouts":"default","ast-page-background-enabled":"default","ast-page-background-meta":{"desktop":{"background-color":"var(--ast-global-color-5)","background-image":"","background-repeat":"repeat","background-position":"center center","background-size":"auto","background-attachment":"scroll","background-type":"","background-media":"","overlay-type":"","overlay-color":"","overlay-opacity":"","overlay-gradient":""},"tablet":{"background-color":"","background-image":"","background-repeat":"repeat","background-position":"center center","background-size":"auto","background-attachment":"scroll","background-type":"","background-media":"","overlay-type":"","overlay-color":"","overlay-opacity":"","overlay-gradient":""},"mobile":{"background-color":"","background-image":"","background-repeat":"repeat","background-position":"center center","background-size":"auto","background-attachment":"scroll","background-type":"","background-media":"","overlay-type":"","overlay-color":"","overlay-opacity":"","overlay-gradient":""}},"ast-content-background-meta":{"desktop":{"background-color":"var(--ast-global-color-4)","background-image":"","background-repeat":"repeat","background-position":"center center","background-size":"auto","background-attachment":"scroll","background-type":"","background-media":"","overlay-type":"","overlay-color":"","overlay-opacity":"","overlay-gradient":""},"tablet":{"background-color":"var(--ast-global-color-4)","background-image":"","background-repeat":"repeat","background-position":"center center","background-size":"auto","background-attachment":"scroll","background-type":"","background-media":"","overlay-type":"","overlay-color":"","overlay-opacity":"","overlay-gradient":""},"mobile":{"background-color":"var(--ast-global-color-4)","background-image":"","background-repeat":"repeat","background-position":"center center","background-size":"auto","background-attachment":"scroll","background-type":"","background-media":"","overlay-type":"","overlay-color":"","overlay-opacity":"","overlay-gradient":""}},"footnotes":""},"class_list":["post-39","page","type-page","status-publish","hentry"],"_links":{"self":[{"href":"https:\/\/besafood.pl\/tr\/wp-json\/wp\/v2\/pages\/39","targetHints":{"allow":["GET"]}}],"collection":[{"href":"https:\/\/besafood.pl\/tr\/wp-json\/wp\/v2\/pages"}],"about":[{"href":"https:\/\/besafood.pl\/tr\/wp-json\/wp\/v2\/types\/page"}],"author":[{"embeddable":true,"href":"https:\/\/besafood.pl\/tr\/wp-json\/wp\/v2\/users\/1"}],"replies":[{"embeddable":true,"href":"https:\/\/besafood.pl\/tr\/wp-json\/wp\/v2\/comments?post=39"}],"version-history":[{"count":7,"href":"https:\/\/besafood.pl\/tr\/wp-json\/wp\/v2\/pages\/39\/revisions"}],"predecessor-version":[{"id":305,"href":"https:\/\/besafood.pl\/tr\/wp-json\/wp\/v2\/pages\/39\/revisions\/305"}],"wp:attachment":[{"href":"https:\/\/besafood.pl\/tr\/wp-json\/wp\/v2\/media?parent=39"}],"curies":[{"name":"wp","href":"https:\/\/api.w.org\/{rel}","templated":true}]}}