{"id":37,"date":"2025-05-21T07:18:09","date_gmt":"2025-05-21T07:18:09","guid":{"rendered":"https:\/\/besafood.pl\/?page_id=37"},"modified":"2025-09-02T17:42:05","modified_gmt":"2025-09-02T17:42:05","slug":"elementy-drobiowe","status":"publish","type":"page","link":"https:\/\/besafood.pl\/tr\/elementy-drobiowe\/","title":{"rendered":"Tavuk Par\u00e7alar\u0131"},"content":{"rendered":"<div data-elementor-type=\"wp-page\" data-elementor-id=\"37\" class=\"elementor elementor-37\">\n\t\t\t\t<div class=\"elementor-element elementor-element-ae387b9 e-flex e-con-boxed e-con e-parent\" data-id=\"ae387b9\" data-element_type=\"container\">\n\t\t\t\t\t<div class=\"e-con-inner\">\n\t\t<div class=\"elementor-element elementor-element-64282d1 e-con-full e-flex e-con e-child\" data-id=\"64282d1\" data-element_type=\"container\">\n\t\t\t\t<div class=\"elementor-element elementor-element-fec5f46 elementor-widget elementor-widget-image\" data-id=\"fec5f46\" data-element_type=\"widget\" data-widget_type=\"image.default\">\n\t\t\t\t<div class=\"elementor-widget-container\">\n\t\t\t\t\t\t\t\t\t\t\t\t\t\t\t<img fetchpriority=\"high\" decoding=\"async\" width=\"1024\" height=\"1024\" src=\"https:\/\/besafood.pl\/wp-content\/uploads\/2025\/09\/5109-1-1024x1024.jpg\" class=\"attachment-large size-large wp-image-387\" alt=\"\" srcset=\"https:\/\/besafood.pl\/wp-content\/uploads\/2025\/09\/5109-1-1024x1024.jpg 1024w, https:\/\/besafood.pl\/wp-content\/uploads\/2025\/09\/5109-1-300x300.jpg 300w, https:\/\/besafood.pl\/wp-content\/uploads\/2025\/09\/5109-1-150x150.jpg 150w, https:\/\/besafood.pl\/wp-content\/uploads\/2025\/09\/5109-1-768x768.jpg 768w, https:\/\/besafood.pl\/wp-content\/uploads\/2025\/09\/5109-1.jpg 1500w\" sizes=\"(max-width: 1024px) 100vw, 1024px\" \/>\t\t\t\t\t\t\t\t\t\t\t\t\t\t\t<\/div>\n\t\t\t\t<\/div>\n\t\t\t\t<\/div>\n\t\t<div class=\"elementor-element elementor-element-90a50c1 e-con-full e-flex e-con e-child\" data-id=\"90a50c1\" data-element_type=\"container\">\n\t\t\t\t<div class=\"elementor-element elementor-element-dbd12b6 elementor-widget-divider--view-line_text elementor-widget-divider--element-align-left elementor-widget elementor-widget-divider\" data-id=\"dbd12b6\" data-element_type=\"widget\" data-widget_type=\"divider.default\">\n\t\t\t\t<div class=\"elementor-widget-container\">\n\t\t\t\t\t\t\t<div class=\"elementor-divider\">\n\t\t\t<span class=\"elementor-divider-separator\">\n\t\t\t\t\t\t\t<h2 class=\"elementor-divider__text elementor-divider__element\">\n\t\t\t\tKebab Halal\t\t\t\t<\/h2>\n\t\t\t\t\t\t<\/span>\n\t\t<\/div>\n\t\t\t\t\t\t<\/div>\n\t\t\t\t<\/div>\n\t\t\t\t<div class=\"elementor-element elementor-element-f1df277 elementor-widget elementor-widget-heading\" data-id=\"f1df277\" data-element_type=\"widget\" data-widget_type=\"heading.default\">\n\t\t\t\t<div class=\"elementor-widget-container\">\n\t\t\t\t\t<h1 class=\"elementor-heading-title elementor-size-default\">Tavuk Par\u00e7alar\u0131<\/h1>\t\t\t\t<\/div>\n\t\t\t\t<\/div>\n\t\t\t\t<div class=\"elementor-element elementor-element-a404351 elementor-widget elementor-widget-text-editor\" data-id=\"a404351\" data-element_type=\"widget\" data-widget_type=\"text-editor.default\">\n\t\t\t\t<div class=\"elementor-widget-container\">\n\t\t\t\t\t\t\t\t\t<p data-start=\"118\" data-end=\"396\">Restoranlar\u0131n ve yemek i\u015fletmelerinin beklentilerini kar\u015f\u0131layacak geni\u015f bir taze tavuk par\u00e7as\u0131 yelpazesi sunuyoruz. \u00dcr\u00fcnlerimiz y\u00fcksek kalite, m\u00fckemmel lezzet ve \u00f6zenli se\u00e7imleriyle \u00f6ne \u00e7\u0131kar, bu da onlar\u0131 mutfakta \u00e7ok y\u00f6nl\u00fc kullan\u0131m i\u00e7in ideal k\u0131lar.<\/p><p data-start=\"398\" data-end=\"420\">\u00dcr\u00fcn yelpazemiz \u015funlar\u0131 i\u00e7erir:<\/p><ul data-start=\"421\" data-end=\"795\"><li data-start=\"421\" data-end=\"495\"><p data-start=\"423\" data-end=\"495\"><strong data-start=\"423\" data-end=\"437\">B\u00fct\u00fcn tavuk g\u00f6vdeleri<\/strong> \u2013 idealne do pieczenia w ca\u0142o\u015bci lub dalszego rozbioru.<\/p><\/li><li data-start=\"496\" data-end=\"589\"><p data-start=\"498\" data-end=\"589\"><strong data-start=\"498\" data-end=\"519\">Tavuk g\u00f6\u011fs\u00fc<\/strong> \u2013 sulu ve ya\u011fs\u0131z, \u0131zgara, k\u0131zartma veya salatalar i\u00e7in idealdir.<\/p><\/li><li data-start=\"590\" data-end=\"696\"><p data-start=\"592\" data-end=\"696\"><strong data-start=\"592\" data-end=\"606\">Tavuk kanatlar\u0131<\/strong> \u2013 at\u0131\u015ft\u0131rmal\u0131k veya ana yemek olarak harika, \u00e7\u0131t\u0131r yemek tutkunlar\u0131 taraf\u0131ndan sevilir.<\/p><\/li><li data-start=\"697\" data-end=\"795\"><p data-start=\"699\" data-end=\"795\"><strong data-start=\"699\" data-end=\"718\">Tavuk butlar\u0131<\/strong> \u2013 aromatik ve lezzet dolu, ha\u015flama, f\u0131r\u0131nlama veya \u0131zgara i\u00e7in idealdir.<\/p><\/li><\/ul><p data-start=\"797\" data-end=\"954\">Her par\u00e7an\u0131n tazeli\u011fine ve \u00f6zenli haz\u0131rlanmas\u0131na \u00f6nem veriyoruz; bu sayede tavuk etimiz hem geleneksel hem de modern mutfaklar i\u00e7in uygundur.<\/p>\t\t\t\t\t\t\t\t<\/div>\n\t\t\t\t<\/div>\n\t\t\t\t<\/div>\n\t\t\t\t\t<\/div>\n\t\t\t\t<\/div>\n\t\t<div class=\"elementor-element elementor-element-0ff7e53 e-flex e-con-boxed e-con e-parent\" data-id=\"0ff7e53\" data-element_type=\"container\" data-settings=\"{&quot;background_background&quot;:&quot;classic&quot;}\">\n\t\t\t\t\t<div class=\"e-con-inner\">\n\t\t\t\t<div class=\"elementor-element elementor-element-356b6a1 elementor-widget-divider--view-line_text elementor-widget-divider--element-align-center elementor-widget elementor-widget-divider\" data-id=\"356b6a1\" data-element_type=\"widget\" data-widget_type=\"divider.default\">\n\t\t\t\t<div class=\"elementor-widget-container\">\n\t\t\t\t\t\t\t<div class=\"elementor-divider\">\n\t\t\t<span class=\"elementor-divider-separator\">\n\t\t\t\t\t\t\t<h2 class=\"elementor-divider__text elementor-divider__element\">\n\t\t\t\tKebab \u00dcreticisi\t\t\t\t<\/h2>\n\t\t\t\t\t\t<\/span>\n\t\t<\/div>\n\t\t\t\t\t\t<\/div>\n\t\t\t\t<\/div>\n\t\t\t\t<div class=\"elementor-element elementor-element-eb866da elementor-widget elementor-widget-heading\" data-id=\"eb866da\" data-element_type=\"widget\" data-widget_type=\"heading.default\">\n\t\t\t\t<div class=\"elementor-widget-container\">\n\t\t\t\t\t<h2 class=\"elementor-heading-title elementor-size-default\">Foto\u011fraf Galerisi<\/h2>\t\t\t\t<\/div>\n\t\t\t\t<\/div>\n\t\t<div class=\"elementor-element elementor-element-fb0d284 e-con-full e-flex e-con e-child\" data-id=\"fb0d284\" data-element_type=\"container\">\n\t\t\t\t<div class=\"elementor-element elementor-element-b049334 gallery-spacing-custom elementor-widget elementor-widget-image-gallery\" data-id=\"b049334\" data-element_type=\"widget\" data-widget_type=\"image-gallery.default\">\n\t\t\t\t<div class=\"elementor-widget-container\">\n\t\t\t\t\t\t\t<div class=\"elementor-image-gallery\">\n\t\t\t<div id='gallery-1' class='gallery galleryid-37 gallery-columns-3 gallery-size-medium_large'><figure class='gallery-item'>\n\t\t\t<div class='gallery-icon landscape'>\n\t\t\t\t<a data-elementor-open-lightbox=\"yes\" data-elementor-lightbox-slideshow=\"b049334\" data-elementor-lightbox-title=\"1229\" data-e-action-hash=\"#elementor-action%3Aaction%3Dlightbox%26settings%3DeyJpZCI6MzkwLCJ1cmwiOiJodHRwczpcL1wvYmVzYWZvb2QucGxcL3dwLWNvbnRlbnRcL3VwbG9hZHNcLzIwMjVcLzA5XC8xMjI5LmpwZyIsInNsaWRlc2hvdyI6ImIwNDkzMzQifQ%3D%3D\" href='https:\/\/besafood.pl\/wp-content\/uploads\/2025\/09\/1229.jpg'><img decoding=\"async\" width=\"768\" height=\"768\" src=\"https:\/\/besafood.pl\/wp-content\/uploads\/2025\/09\/1229-768x768.jpg\" class=\"attachment-medium_large size-medium_large\" alt=\"\" srcset=\"https:\/\/besafood.pl\/wp-content\/uploads\/2025\/09\/1229-768x768.jpg 768w, https:\/\/besafood.pl\/wp-content\/uploads\/2025\/09\/1229-300x300.jpg 300w, https:\/\/besafood.pl\/wp-content\/uploads\/2025\/09\/1229-1024x1024.jpg 1024w, https:\/\/besafood.pl\/wp-content\/uploads\/2025\/09\/1229-150x150.jpg 150w, https:\/\/besafood.pl\/wp-content\/uploads\/2025\/09\/1229.jpg 1500w\" sizes=\"(max-width: 768px) 100vw, 768px\" \/><\/a>\n\t\t\t<\/div><\/figure><figure class='gallery-item'>\n\t\t\t<div class='gallery-icon landscape'>\n\t\t\t\t<a data-elementor-open-lightbox=\"yes\" data-elementor-lightbox-slideshow=\"b049334\" data-elementor-lightbox-title=\"6569\" data-e-action-hash=\"#elementor-action%3Aaction%3Dlightbox%26settings%3DeyJpZCI6MzkxLCJ1cmwiOiJodHRwczpcL1wvYmVzYWZvb2QucGxcL3dwLWNvbnRlbnRcL3VwbG9hZHNcLzIwMjVcLzA5XC82NTY5LmpwZyIsInNsaWRlc2hvdyI6ImIwNDkzMzQifQ%3D%3D\" href='https:\/\/besafood.pl\/wp-content\/uploads\/2025\/09\/6569.jpg'><img decoding=\"async\" width=\"768\" height=\"768\" src=\"https:\/\/besafood.pl\/wp-content\/uploads\/2025\/09\/6569-768x768.jpg\" class=\"attachment-medium_large size-medium_large\" alt=\"\" srcset=\"https:\/\/besafood.pl\/wp-content\/uploads\/2025\/09\/6569-768x768.jpg 768w, https:\/\/besafood.pl\/wp-content\/uploads\/2025\/09\/6569-300x300.jpg 300w, https:\/\/besafood.pl\/wp-content\/uploads\/2025\/09\/6569-1024x1024.jpg 1024w, https:\/\/besafood.pl\/wp-content\/uploads\/2025\/09\/6569-150x150.jpg 150w, https:\/\/besafood.pl\/wp-content\/uploads\/2025\/09\/6569.jpg 1500w\" sizes=\"(max-width: 768px) 100vw, 768px\" \/><\/a>\n\t\t\t<\/div><\/figure><figure class='gallery-item'>\n\t\t\t<div class='gallery-icon landscape'>\n\t\t\t\t<a data-elementor-open-lightbox=\"yes\" data-elementor-lightbox-slideshow=\"b049334\" data-elementor-lightbox-title=\"1665\" data-e-action-hash=\"#elementor-action%3Aaction%3Dlightbox%26settings%3DeyJpZCI6MzkyLCJ1cmwiOiJodHRwczpcL1wvYmVzYWZvb2QucGxcL3dwLWNvbnRlbnRcL3VwbG9hZHNcLzIwMjVcLzA5XC8xNjY1LmpwZyIsInNsaWRlc2hvdyI6ImIwNDkzMzQifQ%3D%3D\" href='https:\/\/besafood.pl\/wp-content\/uploads\/2025\/09\/1665.jpg'><img loading=\"lazy\" decoding=\"async\" width=\"768\" height=\"768\" src=\"https:\/\/besafood.pl\/wp-content\/uploads\/2025\/09\/1665-768x768.jpg\" class=\"attachment-medium_large size-medium_large\" alt=\"\" srcset=\"https:\/\/besafood.pl\/wp-content\/uploads\/2025\/09\/1665-768x768.jpg 768w, https:\/\/besafood.pl\/wp-content\/uploads\/2025\/09\/1665-300x300.jpg 300w, https:\/\/besafood.pl\/wp-content\/uploads\/2025\/09\/1665-150x150.jpg 150w, https:\/\/besafood.pl\/wp-content\/uploads\/2025\/09\/1665.jpg 1000w\" sizes=\"(max-width: 768px) 100vw, 768px\" \/><\/a>\n\t\t\t<\/div><\/figure><figure class='gallery-item'>\n\t\t\t<div class='gallery-icon landscape'>\n\t\t\t\t<a data-elementor-open-lightbox=\"yes\" data-elementor-lightbox-slideshow=\"b049334\" data-elementor-lightbox-title=\"383\" data-e-action-hash=\"#elementor-action%3Aaction%3Dlightbox%26settings%3DeyJpZCI6MzkzLCJ1cmwiOiJodHRwczpcL1wvYmVzYWZvb2QucGxcL3dwLWNvbnRlbnRcL3VwbG9hZHNcLzIwMjVcLzA5XC8zODMuanBnIiwic2xpZGVzaG93IjoiYjA0OTMzNCJ9\" href='https:\/\/besafood.pl\/wp-content\/uploads\/2025\/09\/383.jpg'><img loading=\"lazy\" decoding=\"async\" width=\"768\" height=\"768\" src=\"https:\/\/besafood.pl\/wp-content\/uploads\/2025\/09\/383-768x768.jpg\" class=\"attachment-medium_large size-medium_large\" alt=\"\" srcset=\"https:\/\/besafood.pl\/wp-content\/uploads\/2025\/09\/383-768x768.jpg 768w, https:\/\/besafood.pl\/wp-content\/uploads\/2025\/09\/383-300x300.jpg 300w, https:\/\/besafood.pl\/wp-content\/uploads\/2025\/09\/383-1024x1024.jpg 1024w, https:\/\/besafood.pl\/wp-content\/uploads\/2025\/09\/383-150x150.jpg 150w, https:\/\/besafood.pl\/wp-content\/uploads\/2025\/09\/383.jpg 1500w\" sizes=\"(max-width: 768px) 100vw, 768px\" \/><\/a>\n\t\t\t<\/div><\/figure>\n\t\t<\/div>\n\t\t<\/div>\n\t\t\t\t\t\t<\/div>\n\t\t\t\t<\/div>\n\t\t\t\t<\/div>\n\t\t\t\t\t<\/div>\n\t\t\t\t<\/div>\n\t\t<div class=\"elementor-element elementor-element-3803de1 e-con-full e-flex e-con e-parent\" data-id=\"3803de1\" data-element_type=\"container\" data-settings=\"{&quot;background_background&quot;:&quot;classic&quot;}\">\n\t\t<div class=\"elementor-element elementor-element-deeeb6c e-flex e-con-boxed e-con e-child\" data-id=\"deeeb6c\" data-element_type=\"container\">\n\t\t\t\t\t<div class=\"e-con-inner\">\n\t\t\t\t<div class=\"elementor-element elementor-element-0bbc2bd elementor-widget-divider--view-line_text elementor-widget-divider--element-align-center elementor-widget elementor-widget-divider\" data-id=\"0bbc2bd\" data-element_type=\"widget\" data-widget_type=\"divider.default\">\n\t\t\t\t<div class=\"elementor-widget-container\">\n\t\t\t\t\t\t\t<div class=\"elementor-divider\">\n\t\t\t<span class=\"elementor-divider-separator\">\n\t\t\t\t\t\t\t<h2 class=\"elementor-divider__text elementor-divider__element\">\n\t\t\t\tKebab Halal\t\t\t\t<\/h2>\n\t\t\t\t\t\t<\/span>\n\t\t<\/div>\n\t\t\t\t\t\t<\/div>\n\t\t\t\t<\/div>\n\t\t\t\t<div class=\"elementor-element elementor-element-aa7b9ef elementor-widget elementor-widget-heading\" data-id=\"aa7b9ef\" data-element_type=\"widget\" data-widget_type=\"heading.default\">\n\t\t\t\t<div class=\"elementor-widget-container\">\n\t\t\t\t\t<h2 class=\"elementor-heading-title elementor-size-default\">Kebab \u00dcreticisi<\/h2>\t\t\t\t<\/div>\n\t\t\t\t<\/div>\n\t\t\t\t<div class=\"elementor-element elementor-element-8a43345 elementor-widget elementor-widget-text-editor\" data-id=\"8a43345\" data-element_type=\"widget\" data-widget_type=\"text-editor.default\">\n\t\t\t\t<div class=\"elementor-widget-container\">\n\t\t\t\t\t\t\t\t\t<p data-start=\"108\" data-end=\"223\">Tutku ve \u00f6zveriyle, en se\u00e7ici m\u00fc\u015fterilerin beklentilerini bile kar\u015f\u0131layan kebaplar \u00fcretiyoruz.<\/p><p data-start=\"225\" data-end=\"340\">Avrupa\u2019n\u0131n her yerinde aktif olarak faaliyet g\u00f6steriyor ve \u00fcr\u00fcnlerimizi kalite ve lezzetin \u00f6nemli oldu\u011fu her yere ula\u015ft\u0131r\u0131yoruz.<\/p><p data-start=\"342\" data-end=\"635\">Besa Food yaln\u0131zca deneyimli bir ekip taraf\u0131ndan haz\u0131rlanan m\u00fckemmel kebaplardan ibaret de\u011fildir; ayn\u0131 zamanda \u00f6zenle kemiksiz hale getirilmi\u015f, birinci s\u0131n\u0131f taze ettir. Y\u0131llard\u0131r tan\u0131nm\u0131\u015f, sertifikal\u0131 HELAL mezbahalar\u0131yla i\u015fbirli\u011fi yap\u0131yoruz ve bu sayede en y\u00fcksek standartlara uygun \u00fcr\u00fcnler sunuyoruz.<\/p><p data-start=\"637\" data-end=\"862\">HELAL sertifikam\u0131z ve Siedlce yak\u0131nlar\u0131ndaki Ujrzan\u00f3w\u2019da bulunan modern \u00fcretim tesisimiz ile m\u00fc\u015fterilerimize g\u00fcvenlik, kalite ve \u00fcr\u00fcnlerimizin k\u00f6kenine tam g\u00fcven sunuyoruz.<\/p><p data-start=\"864\" data-end=\"970\">\u00dcr\u00fcnlerimizi bir\u00e7ok Avrupa \u00fclkesine ula\u015ft\u0131r\u0131yor ve memnun m\u00fc\u015fteri a\u011f\u0131m\u0131z\u0131 s\u00fcrekli geni\u015fletiyoruz.<\/p>\t\t\t\t\t\t\t\t<\/div>\n\t\t\t\t<\/div>\n\t\t\t\t<div class=\"elementor-element elementor-element-a341010 elementor-widget elementor-widget-image\" data-id=\"a341010\" data-element_type=\"widget\" data-widget_type=\"image.default\">\n\t\t\t\t<div class=\"elementor-widget-container\">\n\t\t\t\t\t\t\t\t\t\t\t\t\t\t\t<img loading=\"lazy\" decoding=\"async\" width=\"1024\" height=\"1012\" src=\"https:\/\/besafood.pl\/wp-content\/uploads\/2025\/06\/Halal_logo.svg_-1024x1012.png\" class=\"attachment-large size-large wp-image-202\" alt=\"\" srcset=\"https:\/\/besafood.pl\/wp-content\/uploads\/2025\/06\/Halal_logo.svg_-1024x1012.png 1024w, https:\/\/besafood.pl\/wp-content\/uploads\/2025\/06\/Halal_logo.svg_-300x297.png 300w, https:\/\/besafood.pl\/wp-content\/uploads\/2025\/06\/Halal_logo.svg_-768x759.png 768w, https:\/\/besafood.pl\/wp-content\/uploads\/2025\/06\/Halal_logo.svg_.png 1200w\" sizes=\"(max-width: 1024px) 100vw, 1024px\" \/>\t\t\t\t\t\t\t\t\t\t\t\t\t\t\t<\/div>\n\t\t\t\t<\/div>\n\t\t\t\t\t<\/div>\n\t\t\t\t<\/div>\n\t\t\t\t<\/div>\n\t\t\t\t<\/div>","protected":false},"excerpt":{"rendered":"<p>Kebab Halal Elementy drobiowe Oferujemy szeroki wyb\u00f3r \u015bwie\u017cych element\u00f3w z kurczaka, kt\u00f3re spe\u0142ni\u0105 oczekiwania zar\u00f3wno restauracji, jak i punkt\u00f3w gastronomicznych. [&hellip;]<\/p>","protected":false},"author":1,"featured_media":0,"parent":0,"menu_order":0,"comment_status":"closed","ping_status":"closed","template":"","meta":{"site-sidebar-layout":"no-sidebar","site-content-layout":"","ast-site-content-layout":"full-width-container","site-content-style":"default","site-sidebar-style":"default","ast-global-header-display":"","ast-banner-title-visibility":"","ast-main-header-display":"","ast-hfb-above-header-display":"","ast-hfb-below-header-display":"","ast-hfb-mobile-header-display":"","site-post-title":"disabled","ast-breadcrumbs-content":"","ast-featured-img":"disabled","footer-sml-layout":"","theme-transparent-header-meta":"","adv-header-id-meta":"","stick-header-meta":"","header-above-stick-meta":"","header-main-stick-meta":"","header-below-stick-meta":"","astra-migrate-meta-layouts":"default","ast-page-background-enabled":"default","ast-page-background-meta":{"desktop":{"background-color":"var(--ast-global-color-5)","background-image":"","background-repeat":"repeat","background-position":"center center","background-size":"auto","background-attachment":"scroll","background-type":"","background-media":"","overlay-type":"","overlay-color":"","overlay-opacity":"","overlay-gradient":""},"tablet":{"background-color":"","background-image":"","background-repeat":"repeat","background-position":"center center","background-size":"auto","background-attachment":"scroll","background-type":"","background-media":"","overlay-type":"","overlay-color":"","overlay-opacity":"","overlay-gradient":""},"mobile":{"background-color":"","background-image":"","background-repeat":"repeat","background-position":"center center","background-size":"auto","background-attachment":"scroll","background-type":"","background-media":"","overlay-type":"","overlay-color":"","overlay-opacity":"","overlay-gradient":""}},"ast-content-background-meta":{"desktop":{"background-color":"var(--ast-global-color-4)","background-image":"","background-repeat":"repeat","background-position":"center center","background-size":"auto","background-attachment":"scroll","background-type":"","background-media":"","overlay-type":"","overlay-color":"","overlay-opacity":"","overlay-gradient":""},"tablet":{"background-color":"var(--ast-global-color-4)","background-image":"","background-repeat":"repeat","background-position":"center center","background-size":"auto","background-attachment":"scroll","background-type":"","background-media":"","overlay-type":"","overlay-color":"","overlay-opacity":"","overlay-gradient":""},"mobile":{"background-color":"var(--ast-global-color-4)","background-image":"","background-repeat":"repeat","background-position":"center center","background-size":"auto","background-attachment":"scroll","background-type":"","background-media":"","overlay-type":"","overlay-color":"","overlay-opacity":"","overlay-gradient":""}},"footnotes":""},"class_list":["post-37","page","type-page","status-publish","hentry"],"_links":{"self":[{"href":"https:\/\/besafood.pl\/tr\/wp-json\/wp\/v2\/pages\/37","targetHints":{"allow":["GET"]}}],"collection":[{"href":"https:\/\/besafood.pl\/tr\/wp-json\/wp\/v2\/pages"}],"about":[{"href":"https:\/\/besafood.pl\/tr\/wp-json\/wp\/v2\/types\/page"}],"author":[{"embeddable":true,"href":"https:\/\/besafood.pl\/tr\/wp-json\/wp\/v2\/users\/1"}],"replies":[{"embeddable":true,"href":"https:\/\/besafood.pl\/tr\/wp-json\/wp\/v2\/comments?post=37"}],"version-history":[{"count":7,"href":"https:\/\/besafood.pl\/tr\/wp-json\/wp\/v2\/pages\/37\/revisions"}],"predecessor-version":[{"id":401,"href":"https:\/\/besafood.pl\/tr\/wp-json\/wp\/v2\/pages\/37\/revisions\/401"}],"wp:attachment":[{"href":"https:\/\/besafood.pl\/tr\/wp-json\/wp\/v2\/media?parent=37"}],"curies":[{"name":"wp","href":"https:\/\/api.w.org\/{rel}","templated":true}]}}