{"id":35,"date":"2025-05-21T07:17:59","date_gmt":"2025-05-21T07:17:59","guid":{"rendered":"https:\/\/besafood.pl\/?page_id=35"},"modified":"2025-09-02T17:50:50","modified_gmt":"2025-09-02T17:50:50","slug":"elementy-wolowe","status":"publish","type":"page","link":"https:\/\/besafood.pl\/tr\/elementy-wolowe\/","title":{"rendered":"Dana Par\u00e7alar\u0131"},"content":{"rendered":"<div data-elementor-type=\"wp-page\" data-elementor-id=\"35\" class=\"elementor elementor-35\">\n\t\t\t\t<div class=\"elementor-element elementor-element-795c50d e-flex e-con-boxed e-con e-parent\" data-id=\"795c50d\" data-element_type=\"container\">\n\t\t\t\t\t<div class=\"e-con-inner\">\n\t\t<div class=\"elementor-element elementor-element-47e45e2 e-con-full e-flex e-con e-child\" data-id=\"47e45e2\" data-element_type=\"container\">\n\t\t\t\t<div class=\"elementor-element elementor-element-0776387 elementor-widget elementor-widget-image\" data-id=\"0776387\" data-element_type=\"widget\" data-widget_type=\"image.default\">\n\t\t\t\t<div class=\"elementor-widget-container\">\n\t\t\t\t\t\t\t\t\t\t\t\t\t\t\t<img fetchpriority=\"high\" decoding=\"async\" width=\"1024\" height=\"1024\" src=\"https:\/\/besafood.pl\/wp-content\/uploads\/2025\/09\/2148610978-1024x1024.jpg\" class=\"attachment-large size-large wp-image-403\" alt=\"\" srcset=\"https:\/\/besafood.pl\/wp-content\/uploads\/2025\/09\/2148610978-1024x1024.jpg 1024w, https:\/\/besafood.pl\/wp-content\/uploads\/2025\/09\/2148610978-300x300.jpg 300w, https:\/\/besafood.pl\/wp-content\/uploads\/2025\/09\/2148610978-150x150.jpg 150w, https:\/\/besafood.pl\/wp-content\/uploads\/2025\/09\/2148610978-768x768.jpg 768w, https:\/\/besafood.pl\/wp-content\/uploads\/2025\/09\/2148610978.jpg 1500w\" sizes=\"(max-width: 1024px) 100vw, 1024px\" \/>\t\t\t\t\t\t\t\t\t\t\t\t\t\t\t<\/div>\n\t\t\t\t<\/div>\n\t\t\t\t<\/div>\n\t\t<div class=\"elementor-element elementor-element-0348a48 e-con-full e-flex e-con e-child\" data-id=\"0348a48\" data-element_type=\"container\">\n\t\t\t\t<div class=\"elementor-element elementor-element-e47afbc elementor-widget-divider--view-line_text elementor-widget-divider--element-align-left elementor-widget elementor-widget-divider\" data-id=\"e47afbc\" data-element_type=\"widget\" data-widget_type=\"divider.default\">\n\t\t\t\t<div class=\"elementor-widget-container\">\n\t\t\t\t\t\t\t<div class=\"elementor-divider\">\n\t\t\t<span class=\"elementor-divider-separator\">\n\t\t\t\t\t\t\t<h2 class=\"elementor-divider__text elementor-divider__element\">\n\t\t\t\tKebab Halal\t\t\t\t<\/h2>\n\t\t\t\t\t\t<\/span>\n\t\t<\/div>\n\t\t\t\t\t\t<\/div>\n\t\t\t\t<\/div>\n\t\t\t\t<div class=\"elementor-element elementor-element-12af4de elementor-widget elementor-widget-heading\" data-id=\"12af4de\" data-element_type=\"widget\" data-widget_type=\"heading.default\">\n\t\t\t\t<div class=\"elementor-widget-container\">\n\t\t\t\t\t<h1 class=\"elementor-heading-title elementor-size-default\">Dana Par\u00e7alar\u0131<\/h1>\t\t\t\t<\/div>\n\t\t\t\t<\/div>\n\t\t\t\t<div class=\"elementor-element elementor-element-26ef71a elementor-widget elementor-widget-text-editor\" data-id=\"26ef71a\" data-element_type=\"widget\" data-widget_type=\"text-editor.default\">\n\t\t\t\t<div class=\"elementor-widget-container\">\n\t\t\t\t\t\t\t\t\t<p data-start=\"140\" data-end=\"428\">Our offer includes carefully selected beef cuts, characterized by high quality, rich flavor, and excellent meat texture. These products are perfect for preparing a wide variety of dishes \u2013 from classic steaks to traditional Polish and international cuisine.<\/p><p data-start=\"430\" data-end=\"460\">Sat\u0131\u015ftaki par\u00e7alar\u0131m\u0131z:<\/p><ul data-start=\"461\" data-end=\"845\"><li data-start=\"461\" data-end=\"532\"><p data-start=\"463\" data-end=\"532\"><strong data-start=\"463\" data-end=\"475\">Antrikot<\/strong> \u2013 sulu ve mermerimsi yap\u0131da, biftek ve \u0131zgara i\u00e7in m\u00fckemmel.<\/p><\/li><li data-start=\"533\" data-end=\"608\"><p data-start=\"535\" data-end=\"608\"><strong data-start=\"535\" data-end=\"546\">Rosto<\/strong> \u2013 yumu\u015fak et par\u00e7as\u0131, f\u0131r\u0131nlama ve k\u0131zartma i\u00e7in ideal.<\/p><\/li><li data-start=\"609\" data-end=\"692\"><p data-start=\"611\" data-end=\"692\"><strong data-start=\"611\" data-end=\"631\">Dana bonfile<\/strong> \u2013 en de\u011ferli k\u0131s\u0131m, son derece narin ve se\u00e7kin.<\/p><\/li><li data-start=\"693\" data-end=\"758\"><p data-start=\"695\" data-end=\"758\"><strong data-start=\"695\" data-end=\"713\">Dana k\u00fcrek<\/strong> \u2013 great for braising, stews, and roasts.<\/p><\/li><li data-start=\"759\" data-end=\"845\"><p data-start=\"761\" data-end=\"845\"><strong data-start=\"761\" data-end=\"778\">Dana g\u00f6\u011f\u00fcs<\/strong> \u2013 aromatik ve lezzet dolu, yava\u015f pi\u015firme ve BBQ i\u00e7in ideal.<\/p><\/li><\/ul><p data-start=\"847\" data-end=\"1038\">Dbamy o \u015bwie\u017co\u015b\u0107 i odpowiedni\u0105 obr\u00f3bk\u0119, aby ka\u017cde z naszych element\u00f3w wo\u0142owych zachowa\u0142o swoje naturalne walory smakowe i spe\u0142nia\u0142o oczekiwania nawet najbardziej wymagaj\u0105cych szef\u00f3w kuchni.<\/p>\t\t\t\t\t\t\t\t<\/div>\n\t\t\t\t<\/div>\n\t\t\t\t<\/div>\n\t\t\t\t\t<\/div>\n\t\t\t\t<\/div>\n\t\t<div class=\"elementor-element elementor-element-e23c2ee e-flex e-con-boxed e-con e-parent\" data-id=\"e23c2ee\" data-element_type=\"container\" data-settings=\"{&quot;background_background&quot;:&quot;classic&quot;}\">\n\t\t\t\t\t<div class=\"e-con-inner\">\n\t\t\t\t<div class=\"elementor-element elementor-element-da9e2f1 elementor-widget-divider--view-line_text elementor-widget-divider--element-align-center elementor-widget elementor-widget-divider\" data-id=\"da9e2f1\" data-element_type=\"widget\" data-widget_type=\"divider.default\">\n\t\t\t\t<div class=\"elementor-widget-container\">\n\t\t\t\t\t\t\t<div class=\"elementor-divider\">\n\t\t\t<span class=\"elementor-divider-separator\">\n\t\t\t\t\t\t\t<h2 class=\"elementor-divider__text elementor-divider__element\">\n\t\t\t\tKebab \u00dcreticisi\t\t\t\t<\/h2>\n\t\t\t\t\t\t<\/span>\n\t\t<\/div>\n\t\t\t\t\t\t<\/div>\n\t\t\t\t<\/div>\n\t\t\t\t<div class=\"elementor-element elementor-element-8e78836 elementor-widget elementor-widget-heading\" data-id=\"8e78836\" data-element_type=\"widget\" data-widget_type=\"heading.default\">\n\t\t\t\t<div class=\"elementor-widget-container\">\n\t\t\t\t\t<h2 class=\"elementor-heading-title elementor-size-default\">Foto\u011fraf Galerisi<\/h2>\t\t\t\t<\/div>\n\t\t\t\t<\/div>\n\t\t<div class=\"elementor-element elementor-element-63a8266 e-con-full e-flex e-con e-child\" data-id=\"63a8266\" data-element_type=\"container\">\n\t\t\t\t<div class=\"elementor-element elementor-element-58a6556 gallery-spacing-custom elementor-widget elementor-widget-image-gallery\" data-id=\"58a6556\" data-element_type=\"widget\" data-widget_type=\"image-gallery.default\">\n\t\t\t\t<div class=\"elementor-widget-container\">\n\t\t\t\t\t\t\t<div class=\"elementor-image-gallery\">\n\t\t\t<div id='gallery-1' class='gallery galleryid-35 gallery-columns-3 gallery-size-medium_large'><figure class='gallery-item'>\n\t\t\t<div class='gallery-icon landscape'>\n\t\t\t\t<a data-elementor-open-lightbox=\"yes\" data-elementor-lightbox-slideshow=\"58a6556\" data-elementor-lightbox-title=\"7790 (1) (1)\" data-e-action-hash=\"#elementor-action%3Aaction%3Dlightbox%26settings%3DeyJpZCI6NDA0LCJ1cmwiOiJodHRwczpcL1wvYmVzYWZvb2QucGxcL3dwLWNvbnRlbnRcL3VwbG9hZHNcLzIwMjVcLzA5XC83NzkwLTEtMS5qcGciLCJzbGlkZXNob3ciOiI1OGE2NTU2In0%3D\" href='https:\/\/besafood.pl\/wp-content\/uploads\/2025\/09\/7790-1-1.jpg'><img decoding=\"async\" width=\"768\" height=\"768\" src=\"https:\/\/besafood.pl\/wp-content\/uploads\/2025\/09\/7790-1-1-768x768.jpg\" class=\"attachment-medium_large size-medium_large\" alt=\"\" srcset=\"https:\/\/besafood.pl\/wp-content\/uploads\/2025\/09\/7790-1-1-768x768.jpg 768w, https:\/\/besafood.pl\/wp-content\/uploads\/2025\/09\/7790-1-1-300x300.jpg 300w, https:\/\/besafood.pl\/wp-content\/uploads\/2025\/09\/7790-1-1-1024x1024.jpg 1024w, https:\/\/besafood.pl\/wp-content\/uploads\/2025\/09\/7790-1-1-150x150.jpg 150w, https:\/\/besafood.pl\/wp-content\/uploads\/2025\/09\/7790-1-1.jpg 1500w\" sizes=\"(max-width: 768px) 100vw, 768px\" \/><\/a>\n\t\t\t<\/div><\/figure><figure class='gallery-item'>\n\t\t\t<div class='gallery-icon landscape'>\n\t\t\t\t<a data-elementor-open-lightbox=\"yes\" data-elementor-lightbox-slideshow=\"58a6556\" data-elementor-lightbox-title=\"9592 (1)\" data-e-action-hash=\"#elementor-action%3Aaction%3Dlightbox%26settings%3DeyJpZCI6NDA1LCJ1cmwiOiJodHRwczpcL1wvYmVzYWZvb2QucGxcL3dwLWNvbnRlbnRcL3VwbG9hZHNcLzIwMjVcLzA5XC85NTkyLTEuanBnIiwic2xpZGVzaG93IjoiNThhNjU1NiJ9\" href='https:\/\/besafood.pl\/wp-content\/uploads\/2025\/09\/9592-1.jpg'><img decoding=\"async\" width=\"768\" height=\"768\" src=\"https:\/\/besafood.pl\/wp-content\/uploads\/2025\/09\/9592-1-768x768.jpg\" class=\"attachment-medium_large size-medium_large\" alt=\"\" srcset=\"https:\/\/besafood.pl\/wp-content\/uploads\/2025\/09\/9592-1-768x768.jpg 768w, https:\/\/besafood.pl\/wp-content\/uploads\/2025\/09\/9592-1-300x300.jpg 300w, https:\/\/besafood.pl\/wp-content\/uploads\/2025\/09\/9592-1-1024x1024.jpg 1024w, https:\/\/besafood.pl\/wp-content\/uploads\/2025\/09\/9592-1-150x150.jpg 150w, https:\/\/besafood.pl\/wp-content\/uploads\/2025\/09\/9592-1.jpg 1500w\" sizes=\"(max-width: 768px) 100vw, 768px\" \/><\/a>\n\t\t\t<\/div><\/figure>\n\t\t<\/div>\n\t\t<\/div>\n\t\t\t\t\t\t<\/div>\n\t\t\t\t<\/div>\n\t\t\t\t<\/div>\n\t\t\t\t\t<\/div>\n\t\t\t\t<\/div>\n\t\t<div class=\"elementor-element elementor-element-94c2945 e-con-full e-flex e-con e-parent\" data-id=\"94c2945\" data-element_type=\"container\" data-settings=\"{&quot;background_background&quot;:&quot;classic&quot;}\">\n\t\t<div class=\"elementor-element elementor-element-7a03c61 e-flex e-con-boxed e-con e-child\" data-id=\"7a03c61\" data-element_type=\"container\">\n\t\t\t\t\t<div class=\"e-con-inner\">\n\t\t\t\t<div class=\"elementor-element elementor-element-d5a1a67 elementor-widget-divider--view-line_text elementor-widget-divider--element-align-center elementor-widget elementor-widget-divider\" data-id=\"d5a1a67\" data-element_type=\"widget\" data-widget_type=\"divider.default\">\n\t\t\t\t<div class=\"elementor-widget-container\">\n\t\t\t\t\t\t\t<div class=\"elementor-divider\">\n\t\t\t<span class=\"elementor-divider-separator\">\n\t\t\t\t\t\t\t<h2 class=\"elementor-divider__text elementor-divider__element\">\n\t\t\t\tKebab Halal\t\t\t\t<\/h2>\n\t\t\t\t\t\t<\/span>\n\t\t<\/div>\n\t\t\t\t\t\t<\/div>\n\t\t\t\t<\/div>\n\t\t\t\t<div class=\"elementor-element elementor-element-940d2c7 elementor-widget elementor-widget-heading\" data-id=\"940d2c7\" data-element_type=\"widget\" data-widget_type=\"heading.default\">\n\t\t\t\t<div class=\"elementor-widget-container\">\n\t\t\t\t\t<h2 class=\"elementor-heading-title elementor-size-default\">Kebab \u00dcreticisi<\/h2>\t\t\t\t<\/div>\n\t\t\t\t<\/div>\n\t\t\t\t<div class=\"elementor-element elementor-element-fc442b7 elementor-widget elementor-widget-text-editor\" data-id=\"fc442b7\" data-element_type=\"widget\" data-widget_type=\"text-editor.default\">\n\t\t\t\t<div class=\"elementor-widget-container\">\n\t\t\t\t\t\t\t\t\t<p data-start=\"108\" data-end=\"223\">Tutku ve \u00f6zveriyle, en se\u00e7ici m\u00fc\u015fterilerin beklentilerini bile kar\u015f\u0131layan kebaplar \u00fcretiyoruz.<\/p><p data-start=\"225\" data-end=\"340\">Avrupa\u2019n\u0131n her yerinde aktif olarak faaliyet g\u00f6steriyor ve \u00fcr\u00fcnlerimizi kalite ve lezzetin \u00f6nemli oldu\u011fu her yere ula\u015ft\u0131r\u0131yoruz.<\/p><p data-start=\"342\" data-end=\"635\">Besa Food yaln\u0131zca deneyimli bir ekip taraf\u0131ndan haz\u0131rlanan m\u00fckemmel kebaplardan ibaret de\u011fildir; ayn\u0131 zamanda \u00f6zenle kemiksiz hale getirilmi\u015f, birinci s\u0131n\u0131f taze ettir. Y\u0131llard\u0131r tan\u0131nm\u0131\u015f, sertifikal\u0131 HELAL mezbahalar\u0131yla i\u015fbirli\u011fi yap\u0131yoruz ve bu sayede en y\u00fcksek standartlara uygun \u00fcr\u00fcnler sunuyoruz.<\/p><p data-start=\"637\" data-end=\"862\">HELAL sertifikam\u0131z ve Siedlce yak\u0131nlar\u0131ndaki Ujrzan\u00f3w\u2019da bulunan modern \u00fcretim tesisimiz ile m\u00fc\u015fterilerimize g\u00fcvenlik, kalite ve \u00fcr\u00fcnlerimizin k\u00f6kenine tam g\u00fcven sunuyoruz.<\/p><p data-start=\"864\" data-end=\"970\">\u00dcr\u00fcnlerimizi bir\u00e7ok Avrupa \u00fclkesine ula\u015ft\u0131r\u0131yor ve memnun m\u00fc\u015fteri a\u011f\u0131m\u0131z\u0131 s\u00fcrekli geni\u015fletiyoruz.<\/p>\t\t\t\t\t\t\t\t<\/div>\n\t\t\t\t<\/div>\n\t\t\t\t<div class=\"elementor-element elementor-element-8c18a9c elementor-widget elementor-widget-image\" data-id=\"8c18a9c\" data-element_type=\"widget\" data-widget_type=\"image.default\">\n\t\t\t\t<div class=\"elementor-widget-container\">\n\t\t\t\t\t\t\t\t\t\t\t\t\t\t\t<img loading=\"lazy\" decoding=\"async\" width=\"1024\" height=\"1012\" src=\"https:\/\/besafood.pl\/wp-content\/uploads\/2025\/06\/Halal_logo.svg_-1024x1012.png\" class=\"attachment-large size-large wp-image-202\" alt=\"\" srcset=\"https:\/\/besafood.pl\/wp-content\/uploads\/2025\/06\/Halal_logo.svg_-1024x1012.png 1024w, https:\/\/besafood.pl\/wp-content\/uploads\/2025\/06\/Halal_logo.svg_-300x297.png 300w, https:\/\/besafood.pl\/wp-content\/uploads\/2025\/06\/Halal_logo.svg_-768x759.png 768w, https:\/\/besafood.pl\/wp-content\/uploads\/2025\/06\/Halal_logo.svg_.png 1200w\" sizes=\"(max-width: 1024px) 100vw, 1024px\" \/>\t\t\t\t\t\t\t\t\t\t\t\t\t\t\t<\/div>\n\t\t\t\t<\/div>\n\t\t\t\t\t<\/div>\n\t\t\t\t<\/div>\n\t\t\t\t<\/div>\n\t\t\t\t<\/div>","protected":false},"excerpt":{"rendered":"<p>Kebab Halal Elementy wo\u0142owe Nasza oferta obejmuje starannie wyselekcjonowane elementy wo\u0142owe, kt\u00f3re charakteryzuj\u0105 si\u0119 wysok\u0105 jako\u015bci\u0105, pe\u0142nym smakiem i doskona\u0142\u0105 [&hellip;]<\/p>","protected":false},"author":1,"featured_media":0,"parent":0,"menu_order":0,"comment_status":"closed","ping_status":"closed","template":"","meta":{"site-sidebar-layout":"no-sidebar","site-content-layout":"","ast-site-content-layout":"full-width-container","site-content-style":"default","site-sidebar-style":"default","ast-global-header-display":"","ast-banner-title-visibility":"","ast-main-header-display":"","ast-hfb-above-header-display":"","ast-hfb-below-header-display":"","ast-hfb-mobile-header-display":"","site-post-title":"disabled","ast-breadcrumbs-content":"","ast-featured-img":"disabled","footer-sml-layout":"","theme-transparent-header-meta":"","adv-header-id-meta":"","stick-header-meta":"","header-above-stick-meta":"","header-main-stick-meta":"","header-below-stick-meta":"","astra-migrate-meta-layouts":"default","ast-page-background-enabled":"default","ast-page-background-meta":{"desktop":{"background-color":"var(--ast-global-color-5)","background-image":"","background-repeat":"repeat","background-position":"center center","background-size":"auto","background-attachment":"scroll","background-type":"","background-media":"","overlay-type":"","overlay-color":"","overlay-opacity":"","overlay-gradient":""},"tablet":{"background-color":"","background-image":"","background-repeat":"repeat","background-position":"center center","background-size":"auto","background-attachment":"scroll","background-type":"","background-media":"","overlay-type":"","overlay-color":"","overlay-opacity":"","overlay-gradient":""},"mobile":{"background-color":"","background-image":"","background-repeat":"repeat","background-position":"center center","background-size":"auto","background-attachment":"scroll","background-type":"","background-media":"","overlay-type":"","overlay-color":"","overlay-opacity":"","overlay-gradient":""}},"ast-content-background-meta":{"desktop":{"background-color":"var(--ast-global-color-4)","background-image":"","background-repeat":"repeat","background-position":"center center","background-size":"auto","background-attachment":"scroll","background-type":"","background-media":"","overlay-type":"","overlay-color":"","overlay-opacity":"","overlay-gradient":""},"tablet":{"background-color":"var(--ast-global-color-4)","background-image":"","background-repeat":"repeat","background-position":"center center","background-size":"auto","background-attachment":"scroll","background-type":"","background-media":"","overlay-type":"","overlay-color":"","overlay-opacity":"","overlay-gradient":""},"mobile":{"background-color":"var(--ast-global-color-4)","background-image":"","background-repeat":"repeat","background-position":"center center","background-size":"auto","background-attachment":"scroll","background-type":"","background-media":"","overlay-type":"","overlay-color":"","overlay-opacity":"","overlay-gradient":""}},"footnotes":""},"class_list":["post-35","page","type-page","status-publish","hentry"],"_links":{"self":[{"href":"https:\/\/besafood.pl\/tr\/wp-json\/wp\/v2\/pages\/35","targetHints":{"allow":["GET"]}}],"collection":[{"href":"https:\/\/besafood.pl\/tr\/wp-json\/wp\/v2\/pages"}],"about":[{"href":"https:\/\/besafood.pl\/tr\/wp-json\/wp\/v2\/types\/page"}],"author":[{"embeddable":true,"href":"https:\/\/besafood.pl\/tr\/wp-json\/wp\/v2\/users\/1"}],"replies":[{"embeddable":true,"href":"https:\/\/besafood.pl\/tr\/wp-json\/wp\/v2\/comments?post=35"}],"version-history":[{"count":4,"href":"https:\/\/besafood.pl\/tr\/wp-json\/wp\/v2\/pages\/35\/revisions"}],"predecessor-version":[{"id":408,"href":"https:\/\/besafood.pl\/tr\/wp-json\/wp\/v2\/pages\/35\/revisions\/408"}],"wp:attachment":[{"href":"https:\/\/besafood.pl\/tr\/wp-json\/wp\/v2\/media?parent=35"}],"curies":[{"name":"wp","href":"https:\/\/api.w.org\/{rel}","templated":true}]}}