{"id":31,"date":"2025-05-21T07:17:41","date_gmt":"2025-05-21T07:17:41","guid":{"rendered":"https:\/\/besafood.pl\/?page_id=31"},"modified":"2025-08-07T15:02:09","modified_gmt":"2025-08-07T15:02:09","slug":"wolowina","status":"publish","type":"page","link":"https:\/\/besafood.pl\/tr\/wolowina\/","title":{"rendered":"Dana Kebab\u0131"},"content":{"rendered":"<div data-elementor-type=\"wp-page\" data-elementor-id=\"31\" class=\"elementor elementor-31\">\n\t\t\t\t<div class=\"elementor-element elementor-element-8fad38a e-flex e-con-boxed e-con e-parent\" data-id=\"8fad38a\" data-element_type=\"container\">\n\t\t\t\t\t<div class=\"e-con-inner\">\n\t\t<div class=\"elementor-element elementor-element-95f1718 e-con-full e-flex e-con e-child\" data-id=\"95f1718\" data-element_type=\"container\">\n\t\t\t\t<div class=\"elementor-element elementor-element-81510f3 elementor-widget elementor-widget-image\" data-id=\"81510f3\" data-element_type=\"widget\" data-widget_type=\"image.default\">\n\t\t\t\t<div class=\"elementor-widget-container\">\n\t\t\t\t\t\t\t\t\t\t\t\t\t\t\t<img fetchpriority=\"high\" decoding=\"async\" width=\"996\" height=\"996\" src=\"https:\/\/besafood.pl\/wp-content\/uploads\/2025\/08\/224612-1.jpg\" class=\"attachment-large size-large wp-image-350\" alt=\"\" srcset=\"https:\/\/besafood.pl\/wp-content\/uploads\/2025\/08\/224612-1.jpg 996w, https:\/\/besafood.pl\/wp-content\/uploads\/2025\/08\/224612-1-300x300.jpg 300w, https:\/\/besafood.pl\/wp-content\/uploads\/2025\/08\/224612-1-150x150.jpg 150w, https:\/\/besafood.pl\/wp-content\/uploads\/2025\/08\/224612-1-768x768.jpg 768w\" sizes=\"(max-width: 996px) 100vw, 996px\" \/>\t\t\t\t\t\t\t\t\t\t\t\t\t\t\t<\/div>\n\t\t\t\t<\/div>\n\t\t\t\t<\/div>\n\t\t<div class=\"elementor-element elementor-element-2a87d47 e-con-full e-flex e-con e-child\" data-id=\"2a87d47\" data-element_type=\"container\">\n\t\t\t\t<div class=\"elementor-element elementor-element-1deb756 elementor-widget-divider--view-line_text elementor-widget-divider--element-align-left elementor-widget elementor-widget-divider\" data-id=\"1deb756\" data-element_type=\"widget\" data-widget_type=\"divider.default\">\n\t\t\t\t<div class=\"elementor-widget-container\">\n\t\t\t\t\t\t\t<div class=\"elementor-divider\">\n\t\t\t<span class=\"elementor-divider-separator\">\n\t\t\t\t\t\t\t<h2 class=\"elementor-divider__text elementor-divider__element\">\n\t\t\t\tKebab Halal\t\t\t\t<\/h2>\n\t\t\t\t\t\t<\/span>\n\t\t<\/div>\n\t\t\t\t\t\t<\/div>\n\t\t\t\t<\/div>\n\t\t\t\t<div class=\"elementor-element elementor-element-adefa73 elementor-widget elementor-widget-heading\" data-id=\"adefa73\" data-element_type=\"widget\" data-widget_type=\"heading.default\">\n\t\t\t\t<div class=\"elementor-widget-container\">\n\t\t\t\t\t<h1 class=\"elementor-heading-title elementor-size-default\">Dana Kebab\u0131<\/h1>\t\t\t\t<\/div>\n\t\t\t\t<\/div>\n\t\t\t\t<div class=\"elementor-element elementor-element-daf804d elementor-widget elementor-widget-text-editor\" data-id=\"daf804d\" data-element_type=\"widget\" data-widget_type=\"text-editor.default\">\n\t\t\t\t<div class=\"elementor-widget-container\">\n\t\t\t\t\t\t\t\t\t<p data-start=\"208\" data-end=\"422\">Dana kebab\u0131, dana eti par\u00e7alar\u0131 ile k\u0131yman\u0131n m\u00fckemmel birle\u015fimidir; bu sayede hem sulu bir doku hem de belirgin bir lezzet sunar. D\u00f6ner oca\u011f\u0131nda haz\u0131rlanmak i\u00e7in idealdir ve damak tutkunlar\u0131n\u0131 cezbeden yumu\u015fakl\u0131k ile aromay\u0131 garanti eder.<\/p><h3 data-start=\"424\" data-end=\"453\">Dana Kebab\u0131 \u00c7e\u015fitleri:<\/h3><ul data-start=\"455\" data-end=\"998\"><li data-start=\"455\" data-end=\"649\"><p data-start=\"457\" data-end=\"649\"><strong data-start=\"457\" data-end=\"472\">Kebab 50\/50<\/strong> \u2013 Dana eti par\u00e7alar\u0131 ile k\u0131yman\u0131n yar\u0131 yar\u0131ya klasik kar\u0131\u015f\u0131m\u0131, 5 ila 50 kg aras\u0131 porsiyonlarda mevcuttur. \u00dcr\u00fcn -18\u00b0C\u2019de dondurularak uzun s\u00fcreli tazelik sa\u011flan\u0131r.<\/p><\/li><li data-start=\"651\" data-end=\"835\"><p data-start=\"653\" data-end=\"835\"><strong data-start=\"653\" data-end=\"668\">Kebab 70\/30<\/strong> \u2013 dana eti par\u00e7alar\u0131 ve k\u0131yma; daha s\u0131k\u0131 bir k\u0131vam tercih edenler i\u00e7in ideal. 5 ila 50 kg aras\u0131 a\u011f\u0131rl\u0131klarda, -18\u00b0C\u2019de saklan\u0131r.<\/p><\/li><li data-start=\"837\" data-end=\"998\"><p data-start=\"839\" data-end=\"998\"><strong data-start=\"839\" data-end=\"854\">Kebab 100\/0<\/strong> \u2013 0 dana k\u0131ymas\u0131ndan yap\u0131l\u0131r, homojen bir yap\u0131 ve derin bir lezzet sunar. 5 ila 50 kg aras\u0131 porsiyonlarda mevcuttur, -18\u00b0C\u2019de dondurulur.<\/p><\/li><\/ul><p data-start=\"1000\" data-end=\"1144\">Sunulan \u00e7e\u015fitlilik sayesinde herkes kendine uygun dana kebab\u0131n\u0131 bulabilir \u2014 restoranlar, food truck\u2019lar ve yiyecek i\u015fletmeleri i\u00e7in m\u00fckemmel bir se\u00e7imdir.<\/p>\t\t\t\t\t\t\t\t<\/div>\n\t\t\t\t<\/div>\n\t\t\t\t<\/div>\n\t\t\t\t\t<\/div>\n\t\t\t\t<\/div>\n\t\t<div class=\"elementor-element elementor-element-12a1d1e e-flex e-con-boxed e-con e-parent\" data-id=\"12a1d1e\" data-element_type=\"container\" data-settings=\"{&quot;background_background&quot;:&quot;classic&quot;}\">\n\t\t\t\t\t<div class=\"e-con-inner\">\n\t\t\t\t<div class=\"elementor-element elementor-element-f7936bb elementor-widget-divider--view-line_text elementor-widget-divider--element-align-center elementor-widget elementor-widget-divider\" data-id=\"f7936bb\" data-element_type=\"widget\" data-widget_type=\"divider.default\">\n\t\t\t\t<div class=\"elementor-widget-container\">\n\t\t\t\t\t\t\t<div class=\"elementor-divider\">\n\t\t\t<span class=\"elementor-divider-separator\">\n\t\t\t\t\t\t\t<h2 class=\"elementor-divider__text elementor-divider__element\">\n\t\t\t\tKebab \u00dcreticisi\t\t\t\t<\/h2>\n\t\t\t\t\t\t<\/span>\n\t\t<\/div>\n\t\t\t\t\t\t<\/div>\n\t\t\t\t<\/div>\n\t\t\t\t<div class=\"elementor-element elementor-element-4a67d15 elementor-widget elementor-widget-heading\" data-id=\"4a67d15\" data-element_type=\"widget\" data-widget_type=\"heading.default\">\n\t\t\t\t<div class=\"elementor-widget-container\">\n\t\t\t\t\t<h2 class=\"elementor-heading-title elementor-size-default\">Foto\u011fraf Galerisi<\/h2>\t\t\t\t<\/div>\n\t\t\t\t<\/div>\n\t\t<div class=\"elementor-element elementor-element-32b8b71 e-con-full e-flex e-con e-child\" data-id=\"32b8b71\" data-element_type=\"container\">\n\t\t\t\t<div class=\"elementor-element elementor-element-22434eb gallery-spacing-custom elementor-widget elementor-widget-image-gallery\" data-id=\"22434eb\" data-element_type=\"widget\" data-widget_type=\"image-gallery.default\">\n\t\t\t\t<div class=\"elementor-widget-container\">\n\t\t\t\t\t\t\t<div class=\"elementor-image-gallery\">\n\t\t\t<div id='gallery-1' class='gallery galleryid-31 gallery-columns-3 gallery-size-medium_large'><figure class='gallery-item'>\n\t\t\t<div class='gallery-icon landscape'>\n\t\t\t\t<a data-elementor-open-lightbox=\"yes\" data-elementor-lightbox-slideshow=\"22434eb\" data-elementor-lightbox-title=\"2151535185\" data-e-action-hash=\"#elementor-action%3Aaction%3Dlightbox%26settings%3DeyJpZCI6MzIzLCJ1cmwiOiJodHRwczpcL1wvYmVzYWZvb2QucGxcL3dwLWNvbnRlbnRcL3VwbG9hZHNcLzIwMjVcLzA4XC8yMTUxNTM1MTg1LmpwZyIsInNsaWRlc2hvdyI6IjIyNDM0ZWIifQ%3D%3D\" href='https:\/\/besafood.pl\/wp-content\/uploads\/2025\/08\/2151535185.jpg'><img decoding=\"async\" width=\"768\" height=\"768\" src=\"https:\/\/besafood.pl\/wp-content\/uploads\/2025\/08\/2151535185-768x768.jpg\" class=\"attachment-medium_large size-medium_large\" alt=\"\" srcset=\"https:\/\/besafood.pl\/wp-content\/uploads\/2025\/08\/2151535185-768x768.jpg 768w, https:\/\/besafood.pl\/wp-content\/uploads\/2025\/08\/2151535185-300x300.jpg 300w, https:\/\/besafood.pl\/wp-content\/uploads\/2025\/08\/2151535185-150x150.jpg 150w, https:\/\/besafood.pl\/wp-content\/uploads\/2025\/08\/2151535185.jpg 1000w\" sizes=\"(max-width: 768px) 100vw, 768px\" \/><\/a>\n\t\t\t<\/div><\/figure><figure class='gallery-item'>\n\t\t\t<div class='gallery-icon portrait'>\n\t\t\t\t<a data-elementor-open-lightbox=\"yes\" data-elementor-lightbox-slideshow=\"22434eb\" data-elementor-lightbox-title=\"3419\" data-e-action-hash=\"#elementor-action%3Aaction%3Dlightbox%26settings%3DeyJpZCI6MzI1LCJ1cmwiOiJodHRwczpcL1wvYmVzYWZvb2QucGxcL3dwLWNvbnRlbnRcL3VwbG9hZHNcLzIwMjVcLzA4XC8zNDE5LmpwZyIsInNsaWRlc2hvdyI6IjIyNDM0ZWIifQ%3D%3D\" href='https:\/\/besafood.pl\/wp-content\/uploads\/2025\/08\/3419.jpg'><img decoding=\"async\" width=\"768\" height=\"857\" src=\"https:\/\/besafood.pl\/wp-content\/uploads\/2025\/08\/3419-768x857.jpg\" class=\"attachment-medium_large size-medium_large\" alt=\"\" srcset=\"https:\/\/besafood.pl\/wp-content\/uploads\/2025\/08\/3419-768x857.jpg 768w, https:\/\/besafood.pl\/wp-content\/uploads\/2025\/08\/3419-269x300.jpg 269w, https:\/\/besafood.pl\/wp-content\/uploads\/2025\/08\/3419.jpg 896w\" sizes=\"(max-width: 768px) 100vw, 768px\" \/><\/a>\n\t\t\t<\/div><\/figure><figure class='gallery-item'>\n\t\t\t<div class='gallery-icon landscape'>\n\t\t\t\t<a data-elementor-open-lightbox=\"yes\" data-elementor-lightbox-slideshow=\"22434eb\" data-elementor-lightbox-title=\"1291\" data-e-action-hash=\"#elementor-action%3Aaction%3Dlightbox%26settings%3DeyJpZCI6MzI4LCJ1cmwiOiJodHRwczpcL1wvYmVzYWZvb2QucGxcL3dwLWNvbnRlbnRcL3VwbG9hZHNcLzIwMjVcLzA4XC8xMjkxLmpwZyIsInNsaWRlc2hvdyI6IjIyNDM0ZWIifQ%3D%3D\" href='https:\/\/besafood.pl\/wp-content\/uploads\/2025\/08\/1291.jpg'><img loading=\"lazy\" decoding=\"async\" width=\"768\" height=\"768\" src=\"https:\/\/besafood.pl\/wp-content\/uploads\/2025\/08\/1291-768x768.jpg\" class=\"attachment-medium_large size-medium_large\" alt=\"\" srcset=\"https:\/\/besafood.pl\/wp-content\/uploads\/2025\/08\/1291-768x768.jpg 768w, https:\/\/besafood.pl\/wp-content\/uploads\/2025\/08\/1291-300x300.jpg 300w, https:\/\/besafood.pl\/wp-content\/uploads\/2025\/08\/1291-150x150.jpg 150w, https:\/\/besafood.pl\/wp-content\/uploads\/2025\/08\/1291.jpg 1000w\" sizes=\"(max-width: 768px) 100vw, 768px\" \/><\/a>\n\t\t\t<\/div><\/figure><figure class='gallery-item'>\n\t\t\t<div class='gallery-icon portrait'>\n\t\t\t\t<a data-elementor-open-lightbox=\"yes\" data-elementor-lightbox-slideshow=\"22434eb\" data-elementor-lightbox-title=\"9694\" data-e-action-hash=\"#elementor-action%3Aaction%3Dlightbox%26settings%3DeyJpZCI6MzQ1LCJ1cmwiOiJodHRwczpcL1wvYmVzYWZvb2QucGxcL3dwLWNvbnRlbnRcL3VwbG9hZHNcLzIwMjVcLzA4XC85Njk0LmpwZyIsInNsaWRlc2hvdyI6IjIyNDM0ZWIifQ%3D%3D\" href='https:\/\/besafood.pl\/wp-content\/uploads\/2025\/08\/9694.jpg'><img loading=\"lazy\" decoding=\"async\" width=\"667\" height=\"1000\" src=\"https:\/\/besafood.pl\/wp-content\/uploads\/2025\/08\/9694.jpg\" class=\"attachment-medium_large size-medium_large\" alt=\"\" srcset=\"https:\/\/besafood.pl\/wp-content\/uploads\/2025\/08\/9694.jpg 667w, https:\/\/besafood.pl\/wp-content\/uploads\/2025\/08\/9694-200x300.jpg 200w\" sizes=\"(max-width: 667px) 100vw, 667px\" \/><\/a>\n\t\t\t<\/div><\/figure><figure class='gallery-item'>\n\t\t\t<div class='gallery-icon landscape'>\n\t\t\t\t<a data-elementor-open-lightbox=\"yes\" data-elementor-lightbox-slideshow=\"22434eb\" data-elementor-lightbox-title=\"meatBez-nazwy-1\" data-e-action-hash=\"#elementor-action%3Aaction%3Dlightbox%26settings%3DeyJpZCI6MzUyLCJ1cmwiOiJodHRwczpcL1wvYmVzYWZvb2QucGxcL3dwLWNvbnRlbnRcL3VwbG9hZHNcLzIwMjVcLzA4XC9tZWF0QmV6LW5hend5LTEuanBnIiwic2xpZGVzaG93IjoiMjI0MzRlYiJ9\" href='https:\/\/besafood.pl\/wp-content\/uploads\/2025\/08\/meatBez-nazwy-1.jpg'><img loading=\"lazy\" decoding=\"async\" width=\"768\" height=\"768\" src=\"https:\/\/besafood.pl\/wp-content\/uploads\/2025\/08\/meatBez-nazwy-1-768x768.jpg\" class=\"attachment-medium_large size-medium_large\" alt=\"\" srcset=\"https:\/\/besafood.pl\/wp-content\/uploads\/2025\/08\/meatBez-nazwy-1-768x768.jpg 768w, https:\/\/besafood.pl\/wp-content\/uploads\/2025\/08\/meatBez-nazwy-1-300x300.jpg 300w, https:\/\/besafood.pl\/wp-content\/uploads\/2025\/08\/meatBez-nazwy-1-150x150.jpg 150w, https:\/\/besafood.pl\/wp-content\/uploads\/2025\/08\/meatBez-nazwy-1.jpg 866w\" sizes=\"(max-width: 768px) 100vw, 768px\" \/><\/a>\n\t\t\t<\/div><\/figure><figure class='gallery-item'>\n\t\t\t<div class='gallery-icon portrait'>\n\t\t\t\t<a data-elementor-open-lightbox=\"yes\" data-elementor-lightbox-slideshow=\"22434eb\" data-elementor-lightbox-title=\"11844\" data-e-action-hash=\"#elementor-action%3Aaction%3Dlightbox%26settings%3DeyJpZCI6MzQ2LCJ1cmwiOiJodHRwczpcL1wvYmVzYWZvb2QucGxcL3dwLWNvbnRlbnRcL3VwbG9hZHNcLzIwMjVcLzA4XC8xMTg0NC5qcGciLCJzbGlkZXNob3ciOiIyMjQzNGViIn0%3D\" href='https:\/\/besafood.pl\/wp-content\/uploads\/2025\/08\/11844.jpg'><img loading=\"lazy\" decoding=\"async\" width=\"768\" height=\"960\" src=\"https:\/\/besafood.pl\/wp-content\/uploads\/2025\/08\/11844-768x960.jpg\" class=\"attachment-medium_large size-medium_large\" alt=\"\" srcset=\"https:\/\/besafood.pl\/wp-content\/uploads\/2025\/08\/11844-768x960.jpg 768w, https:\/\/besafood.pl\/wp-content\/uploads\/2025\/08\/11844-240x300.jpg 240w, https:\/\/besafood.pl\/wp-content\/uploads\/2025\/08\/11844.jpg 800w\" sizes=\"(max-width: 768px) 100vw, 768px\" \/><\/a>\n\t\t\t<\/div><\/figure>\n\t\t<\/div>\n\t\t<\/div>\n\t\t\t\t\t\t<\/div>\n\t\t\t\t<\/div>\n\t\t\t\t<\/div>\n\t\t\t\t\t<\/div>\n\t\t\t\t<\/div>\n\t\t<div class=\"elementor-element elementor-element-b11b4d3 e-con-full e-flex e-con e-parent\" data-id=\"b11b4d3\" data-element_type=\"container\" data-settings=\"{&quot;background_background&quot;:&quot;classic&quot;}\">\n\t\t<div class=\"elementor-element elementor-element-5de811c e-flex e-con-boxed e-con e-child\" data-id=\"5de811c\" data-element_type=\"container\">\n\t\t\t\t\t<div class=\"e-con-inner\">\n\t\t\t\t<div class=\"elementor-element elementor-element-f2bb9a3 elementor-widget-divider--view-line_text elementor-widget-divider--element-align-center elementor-widget elementor-widget-divider\" data-id=\"f2bb9a3\" data-element_type=\"widget\" data-widget_type=\"divider.default\">\n\t\t\t\t<div class=\"elementor-widget-container\">\n\t\t\t\t\t\t\t<div class=\"elementor-divider\">\n\t\t\t<span class=\"elementor-divider-separator\">\n\t\t\t\t\t\t\t<h2 class=\"elementor-divider__text elementor-divider__element\">\n\t\t\t\tKebab Halal\t\t\t\t<\/h2>\n\t\t\t\t\t\t<\/span>\n\t\t<\/div>\n\t\t\t\t\t\t<\/div>\n\t\t\t\t<\/div>\n\t\t\t\t<div class=\"elementor-element elementor-element-5b546fe elementor-widget elementor-widget-heading\" data-id=\"5b546fe\" data-element_type=\"widget\" data-widget_type=\"heading.default\">\n\t\t\t\t<div class=\"elementor-widget-container\">\n\t\t\t\t\t<h2 class=\"elementor-heading-title elementor-size-default\">Kebab \u00dcreticisi<\/h2>\t\t\t\t<\/div>\n\t\t\t\t<\/div>\n\t\t\t\t<div class=\"elementor-element elementor-element-ee22a28 elementor-widget elementor-widget-text-editor\" data-id=\"ee22a28\" data-element_type=\"widget\" data-widget_type=\"text-editor.default\">\n\t\t\t\t<div class=\"elementor-widget-container\">\n\t\t\t\t\t\t\t\t\t<p data-start=\"108\" data-end=\"223\">Tutku ve \u00f6zveriyle, en se\u00e7ici m\u00fc\u015fterilerin beklentilerini bile kar\u015f\u0131layan kebaplar \u00fcretiyoruz.<\/p><p data-start=\"225\" data-end=\"340\">Avrupa\u2019n\u0131n her yerinde aktif olarak faaliyet g\u00f6steriyor ve \u00fcr\u00fcnlerimizi kalite ve lezzetin \u00f6nemli oldu\u011fu her yere ula\u015ft\u0131r\u0131yoruz.<\/p><p data-start=\"342\" data-end=\"635\">Besa Food yaln\u0131zca deneyimli bir ekip taraf\u0131ndan haz\u0131rlanan m\u00fckemmel kebaplardan ibaret de\u011fildir; ayn\u0131 zamanda \u00f6zenle kemiksiz hale getirilmi\u015f, birinci s\u0131n\u0131f taze ettir. Y\u0131llard\u0131r tan\u0131nm\u0131\u015f, sertifikal\u0131 HELAL mezbahalar\u0131yla i\u015fbirli\u011fi yap\u0131yoruz ve bu sayede en y\u00fcksek standartlara uygun \u00fcr\u00fcnler sunuyoruz.<\/p><p data-start=\"637\" data-end=\"862\">HELAL sertifikam\u0131z ve Siedlce yak\u0131nlar\u0131ndaki Ujrzan\u00f3w\u2019da bulunan modern \u00fcretim tesisimiz ile m\u00fc\u015fterilerimize g\u00fcvenlik, kalite ve \u00fcr\u00fcnlerimizin k\u00f6kenine tam g\u00fcven sunuyoruz.<\/p><p data-start=\"864\" data-end=\"970\">\u00dcr\u00fcnlerimizi bir\u00e7ok Avrupa \u00fclkesine ula\u015ft\u0131r\u0131yor ve memnun m\u00fc\u015fteri a\u011f\u0131m\u0131z\u0131 s\u00fcrekli geni\u015fletiyoruz.<\/p>\t\t\t\t\t\t\t\t<\/div>\n\t\t\t\t<\/div>\n\t\t\t\t<div class=\"elementor-element elementor-element-9f874a5 elementor-widget elementor-widget-image\" data-id=\"9f874a5\" data-element_type=\"widget\" data-widget_type=\"image.default\">\n\t\t\t\t<div class=\"elementor-widget-container\">\n\t\t\t\t\t\t\t\t\t\t\t\t\t\t\t<img loading=\"lazy\" decoding=\"async\" width=\"1024\" height=\"1012\" src=\"https:\/\/besafood.pl\/wp-content\/uploads\/2025\/06\/Halal_logo.svg_-1024x1012.png\" class=\"attachment-large size-large wp-image-202\" alt=\"\" srcset=\"https:\/\/besafood.pl\/wp-content\/uploads\/2025\/06\/Halal_logo.svg_-1024x1012.png 1024w, https:\/\/besafood.pl\/wp-content\/uploads\/2025\/06\/Halal_logo.svg_-300x297.png 300w, https:\/\/besafood.pl\/wp-content\/uploads\/2025\/06\/Halal_logo.svg_-768x759.png 768w, https:\/\/besafood.pl\/wp-content\/uploads\/2025\/06\/Halal_logo.svg_.png 1200w\" sizes=\"(max-width: 1024px) 100vw, 1024px\" \/>\t\t\t\t\t\t\t\t\t\t\t\t\t\t\t<\/div>\n\t\t\t\t<\/div>\n\t\t\t\t\t<\/div>\n\t\t\t\t<\/div>\n\t\t\t\t<\/div>\n\t\t\t\t<\/div>","protected":false},"excerpt":{"rendered":"<p>Kebab Halal Kebab Wo\u0142owy Kebab wo\u0142owy to idealne po\u0142\u0105czenie mi\u0119sa wo\u0142owego i mielonego, kt\u00f3re zapewnia soczysto\u015b\u0107 i wyrazisty smak. Doskonale [&hellip;]<\/p>","protected":false},"author":1,"featured_media":0,"parent":0,"menu_order":0,"comment_status":"closed","ping_status":"closed","template":"","meta":{"site-sidebar-layout":"no-sidebar","site-content-layout":"","ast-site-content-layout":"full-width-container","site-content-style":"default","site-sidebar-style":"default","ast-global-header-display":"","ast-banner-title-visibility":"","ast-main-header-display":"","ast-hfb-above-header-display":"","ast-hfb-below-header-display":"","ast-hfb-mobile-header-display":"","site-post-title":"disabled","ast-breadcrumbs-content":"","ast-featured-img":"disabled","footer-sml-layout":"","theme-transparent-header-meta":"","adv-header-id-meta":"","stick-header-meta":"","header-above-stick-meta":"","header-main-stick-meta":"","header-below-stick-meta":"","astra-migrate-meta-layouts":"default","ast-page-background-enabled":"default","ast-page-background-meta":{"desktop":{"background-color":"var(--ast-global-color-5)","background-image":"","background-repeat":"repeat","background-position":"center center","background-size":"auto","background-attachment":"scroll","background-type":"","background-media":"","overlay-type":"","overlay-color":"","overlay-opacity":"","overlay-gradient":""},"tablet":{"background-color":"","background-image":"","background-repeat":"repeat","background-position":"center center","background-size":"auto","background-attachment":"scroll","background-type":"","background-media":"","overlay-type":"","overlay-color":"","overlay-opacity":"","overlay-gradient":""},"mobile":{"background-color":"","background-image":"","background-repeat":"repeat","background-position":"center center","background-size":"auto","background-attachment":"scroll","background-type":"","background-media":"","overlay-type":"","overlay-color":"","overlay-opacity":"","overlay-gradient":""}},"ast-content-background-meta":{"desktop":{"background-color":"var(--ast-global-color-4)","background-image":"","background-repeat":"repeat","background-position":"center center","background-size":"auto","background-attachment":"scroll","background-type":"","background-media":"","overlay-type":"","overlay-color":"","overlay-opacity":"","overlay-gradient":""},"tablet":{"background-color":"var(--ast-global-color-4)","background-image":"","background-repeat":"repeat","background-position":"center center","background-size":"auto","background-attachment":"scroll","background-type":"","background-media":"","overlay-type":"","overlay-color":"","overlay-opacity":"","overlay-gradient":""},"mobile":{"background-color":"var(--ast-global-color-4)","background-image":"","background-repeat":"repeat","background-position":"center center","background-size":"auto","background-attachment":"scroll","background-type":"","background-media":"","overlay-type":"","overlay-color":"","overlay-opacity":"","overlay-gradient":""}},"footnotes":""},"class_list":["post-31","page","type-page","status-publish","hentry"],"_links":{"self":[{"href":"https:\/\/besafood.pl\/tr\/wp-json\/wp\/v2\/pages\/31","targetHints":{"allow":["GET"]}}],"collection":[{"href":"https:\/\/besafood.pl\/tr\/wp-json\/wp\/v2\/pages"}],"about":[{"href":"https:\/\/besafood.pl\/tr\/wp-json\/wp\/v2\/types\/page"}],"author":[{"embeddable":true,"href":"https:\/\/besafood.pl\/tr\/wp-json\/wp\/v2\/users\/1"}],"replies":[{"embeddable":true,"href":"https:\/\/besafood.pl\/tr\/wp-json\/wp\/v2\/comments?post=31"}],"version-history":[{"count":13,"href":"https:\/\/besafood.pl\/tr\/wp-json\/wp\/v2\/pages\/31\/revisions"}],"predecessor-version":[{"id":355,"href":"https:\/\/besafood.pl\/tr\/wp-json\/wp\/v2\/pages\/31\/revisions\/355"}],"wp:attachment":[{"href":"https:\/\/besafood.pl\/tr\/wp-json\/wp\/v2\/media?parent=31"}],"curies":[{"name":"wp","href":"https:\/\/api.w.org\/{rel}","templated":true}]}}