{"id":24,"date":"2025-05-21T07:16:19","date_gmt":"2025-05-21T07:16:19","guid":{"rendered":"https:\/\/besafood.pl\/?page_id=24"},"modified":"2025-08-07T15:12:32","modified_gmt":"2025-08-07T15:12:32","slug":"o-nas","status":"publish","type":"page","link":"https:\/\/besafood.pl\/tr\/o-nas\/","title":{"rendered":"Hakk\u0131m\u0131zda"},"content":{"rendered":"<div data-elementor-type=\"wp-page\" data-elementor-id=\"24\" class=\"elementor elementor-24\">\n\t\t\t\t<div class=\"elementor-element elementor-element-8a039a5 e-flex e-con-boxed e-con e-parent\" data-id=\"8a039a5\" data-element_type=\"container\">\n\t\t\t\t\t<div class=\"e-con-inner\">\n\t\t<div class=\"elementor-element elementor-element-acc2dbc e-con-full e-flex e-con e-child\" data-id=\"acc2dbc\" data-element_type=\"container\">\n\t\t\t\t<div class=\"elementor-element elementor-element-504892e elementor-widget elementor-widget-image\" data-id=\"504892e\" data-element_type=\"widget\" data-widget_type=\"image.default\">\n\t\t\t\t<div class=\"elementor-widget-container\">\n\t\t\t\t\t\t\t\t\t\t\t\t\t\t\t<img fetchpriority=\"high\" decoding=\"async\" width=\"866\" height=\"866\" src=\"https:\/\/besafood.pl\/wp-content\/uploads\/2025\/08\/astfood_opakowan.jpg\" class=\"attachment-full size-full wp-image-372\" alt=\"\" srcset=\"https:\/\/besafood.pl\/wp-content\/uploads\/2025\/08\/astfood_opakowan.jpg 866w, https:\/\/besafood.pl\/wp-content\/uploads\/2025\/08\/astfood_opakowan-300x300.jpg 300w, https:\/\/besafood.pl\/wp-content\/uploads\/2025\/08\/astfood_opakowan-150x150.jpg 150w, https:\/\/besafood.pl\/wp-content\/uploads\/2025\/08\/astfood_opakowan-768x768.jpg 768w\" sizes=\"(max-width: 866px) 100vw, 866px\" \/>\t\t\t\t\t\t\t\t\t\t\t\t\t\t\t<\/div>\n\t\t\t\t<\/div>\n\t\t\t\t<\/div>\n\t\t<div class=\"elementor-element elementor-element-283e03a e-con-full e-flex e-con e-child\" data-id=\"283e03a\" data-element_type=\"container\">\n\t\t\t\t<div class=\"elementor-element elementor-element-28be44a elementor-widget-divider--view-line_text elementor-widget-divider--element-align-left elementor-widget elementor-widget-divider\" data-id=\"28be44a\" data-element_type=\"widget\" data-widget_type=\"divider.default\">\n\t\t\t\t<div class=\"elementor-widget-container\">\n\t\t\t\t\t\t\t<div class=\"elementor-divider\">\n\t\t\t<span class=\"elementor-divider-separator\">\n\t\t\t\t\t\t\t<h2 class=\"elementor-divider__text elementor-divider__element\">\n\t\t\t\tKebab Halal\t\t\t\t<\/h2>\n\t\t\t\t\t\t<\/span>\n\t\t<\/div>\n\t\t\t\t\t\t<\/div>\n\t\t\t\t<\/div>\n\t\t\t\t<div class=\"elementor-element elementor-element-346ec26 elementor-widget elementor-widget-heading\" data-id=\"346ec26\" data-element_type=\"widget\" data-widget_type=\"heading.default\">\n\t\t\t\t<div class=\"elementor-widget-container\">\n\t\t\t\t\t<h2 class=\"elementor-heading-title elementor-size-default\">Kalite, Gelenek ve Deneyim<\/h2>\t\t\t\t<\/div>\n\t\t\t\t<\/div>\n\t\t\t\t<div class=\"elementor-element elementor-element-b16ed75 elementor-widget elementor-widget-text-editor\" data-id=\"b16ed75\" data-element_type=\"widget\" data-widget_type=\"text-editor.default\">\n\t\t\t\t<div class=\"elementor-widget-container\">\n\t\t\t\t\t\t\t\t\t<p data-start=\"126\" data-end=\"568\">Besa Food Sp. z o.o., 2011 y\u0131l\u0131ndan beri Siedlce yak\u0131nlar\u0131ndaki Ujrzan\u00f3w\u2019da faaliyet g\u00f6steren ve on y\u0131l\u0131 a\u015fk\u0131n deneyime sahip bir \u015firkettir. Avrupa genelinde m\u00fc\u015fterilerin be\u011fenisini kazanan y\u00fcksek kaliteli et ve otantik dana ile tavuk kebaplar\u0131 sunmada uzman\u0131z. Teklifimiz, Polonya ve AB yasalar\u0131n\u0131n s\u0131k\u0131 standartlar\u0131n\u0131 kar\u015f\u0131layan modern bir \u00fcretim tesisinde ger\u00e7ekle\u015ftirilen tavuk ve dana eti par\u00e7alamay\u0131 kapsamaktad\u0131r.<\/p><p data-start=\"570\" data-end=\"937\">Nitelikli ekibimizin \u00f6zverisi ve HACCP, GHP ve GMP gibi g\u0131da g\u00fcvenli\u011fi sistemlerinin uygulanmas\u0131 sayesinde, \u00fcr\u00fcnlerimizin sadece ola\u011fan\u00fcst\u00fc lezzetini de\u011fil, ayn\u0131 zamanda tam g\u00fcvenli\u011fini de garanti ediyoruz. \u00dcr\u00fcnlerimizi do\u011frudan restoranlara ve Avrupa genelindeki i\u015f ortaklar\u0131na ula\u015ft\u0131rarak kapsaml\u0131 hizmet sunuyoruz.<\/p><p data-start=\"939\" data-end=\"1250\">Ayr\u0131ca, m\u00fc\u015fterilerimizin bireysel ihtiya\u00e7lar\u0131na uyum sa\u011fl\u0131yor, sipari\u015fleri onlar\u0131n tercihlerine ve \u00f6zel gereksinimlerine g\u00f6re haz\u0131rl\u0131yoruz. Amac\u0131m\u0131z, en se\u00e7ici m\u00fc\u015fterilerin beklentilerini bile kar\u015f\u0131layan en y\u00fcksek kaliteli et \u00fcr\u00fcnlerini sunmakt\u0131r.<\/p>\t\t\t\t\t\t\t\t<\/div>\n\t\t\t\t<\/div>\n\t\t\t\t<\/div>\n\t\t\t\t\t<\/div>\n\t\t\t\t<\/div>\n\t\t<div class=\"elementor-element elementor-element-1844156 e-flex e-con-boxed e-con e-parent\" data-id=\"1844156\" data-element_type=\"container\" data-settings=\"{&quot;background_background&quot;:&quot;classic&quot;}\">\n\t\t\t\t\t<div class=\"e-con-inner\">\n\t\t\t\t<div class=\"elementor-element elementor-element-06f7be7 elementor-widget-divider--view-line_text elementor-widget-divider--element-align-center elementor-widget elementor-widget-divider\" data-id=\"06f7be7\" data-element_type=\"widget\" data-widget_type=\"divider.default\">\n\t\t\t\t<div class=\"elementor-widget-container\">\n\t\t\t\t\t\t\t<div class=\"elementor-divider\">\n\t\t\t<span class=\"elementor-divider-separator\">\n\t\t\t\t\t\t\t<h2 class=\"elementor-divider__text elementor-divider__element\">\n\t\t\t\tKebab \u00dcreticisi\t\t\t\t<\/h2>\n\t\t\t\t\t\t<\/span>\n\t\t<\/div>\n\t\t\t\t\t\t<\/div>\n\t\t\t\t<\/div>\n\t\t\t\t<div class=\"elementor-element elementor-element-4cd904a elementor-widget elementor-widget-heading\" data-id=\"4cd904a\" data-element_type=\"widget\" data-widget_type=\"heading.default\">\n\t\t\t\t<div class=\"elementor-widget-container\">\n\t\t\t\t\t<h2 class=\"elementor-heading-title elementor-size-default\">\u00dcr\u00fcnlerimizi Ke\u015ffedin<\/h2>\t\t\t\t<\/div>\n\t\t\t\t<\/div>\n\t\t<div class=\"elementor-element elementor-element-a18a27d e-con-full e-flex e-con e-child\" data-id=\"a18a27d\" data-element_type=\"container\" data-settings=\"{&quot;background_background&quot;:&quot;classic&quot;}\">\n\t\t<div class=\"elementor-element elementor-element-57ffb57 e-grid e-con-full e-con e-child\" data-id=\"57ffb57\" data-element_type=\"container\">\n\t\t\t\t<div class=\"elementor-element elementor-element-80cde4e elementor-position-top elementor-widget elementor-widget-image-box\" data-id=\"80cde4e\" data-element_type=\"widget\" data-widget_type=\"image-box.default\">\n\t\t\t\t<div class=\"elementor-widget-container\">\n\t\t\t\t\t<div class=\"elementor-image-box-wrapper\"><figure class=\"elementor-image-box-img\"><a href=\"https:\/\/besafood.pl\/tr\/kurczak\/\" tabindex=\"-1\"><img decoding=\"async\" width=\"128\" height=\"128\" src=\"https:\/\/besafood.pl\/wp-content\/uploads\/2025\/06\/chicken-1.png\" class=\"elementor-animation-pulse attachment-full size-full wp-image-152\" alt=\"\" \/><\/a><\/figure><div class=\"elementor-image-box-content\"><h3 class=\"elementor-image-box-title\"><a href=\"https:\/\/besafood.pl\/tr\/kurczak\/\">Tavuk Kebab\u0131<\/a><\/h3><\/div><\/div>\t\t\t\t<\/div>\n\t\t\t\t<\/div>\n\t\t\t\t<div class=\"elementor-element elementor-element-5a23a31 elementor-position-top elementor-widget elementor-widget-image-box\" data-id=\"5a23a31\" data-element_type=\"widget\" data-widget_type=\"image-box.default\">\n\t\t\t\t<div class=\"elementor-widget-container\">\n\t\t\t\t\t<div class=\"elementor-image-box-wrapper\"><figure class=\"elementor-image-box-img\"><a href=\"https:\/\/besafood.pl\/tr\/wolowina\/\" tabindex=\"-1\"><img decoding=\"async\" width=\"128\" height=\"128\" src=\"https:\/\/besafood.pl\/wp-content\/uploads\/2025\/06\/beef-3.png\" class=\"elementor-animation-pulse attachment-full size-full wp-image-153\" alt=\"\" \/><\/a><\/figure><div class=\"elementor-image-box-content\"><h3 class=\"elementor-image-box-title\"><a href=\"https:\/\/besafood.pl\/tr\/wolowina\/\">Dana Kebab\u0131<\/a><\/h3><\/div><\/div>\t\t\t\t<\/div>\n\t\t\t\t<\/div>\n\t\t\t\t<div class=\"elementor-element elementor-element-545daf1 elementor-position-top elementor-widget elementor-widget-image-box\" data-id=\"545daf1\" data-element_type=\"widget\" data-widget_type=\"image-box.default\">\n\t\t\t\t<div class=\"elementor-widget-container\">\n\t\t\t\t\t<div class=\"elementor-image-box-wrapper\"><figure class=\"elementor-image-box-img\"><a href=\"https:\/\/besafood.pl\/tr\/elementy-drobiowe\/\" tabindex=\"-1\"><img loading=\"lazy\" decoding=\"async\" width=\"128\" height=\"128\" src=\"https:\/\/besafood.pl\/wp-content\/uploads\/2025\/06\/chicken-leg.png\" class=\"elementor-animation-pulse attachment-full size-full wp-image-154\" alt=\"\" \/><\/a><\/figure><div class=\"elementor-image-box-content\"><h3 class=\"elementor-image-box-title\"><a href=\"https:\/\/besafood.pl\/tr\/elementy-drobiowe\/\">Tavuk Par\u00e7alar\u0131<\/a><\/h3><\/div><\/div>\t\t\t\t<\/div>\n\t\t\t\t<\/div>\n\t\t\t\t<div class=\"elementor-element elementor-element-9b9d292 elementor-position-top elementor-widget elementor-widget-image-box\" data-id=\"9b9d292\" data-element_type=\"widget\" data-widget_type=\"image-box.default\">\n\t\t\t\t<div class=\"elementor-widget-container\">\n\t\t\t\t\t<div class=\"elementor-image-box-wrapper\"><figure class=\"elementor-image-box-img\"><a href=\"https:\/\/besafood.pl\/tr\/elementy-wolowe\/\" tabindex=\"-1\"><img loading=\"lazy\" decoding=\"async\" width=\"128\" height=\"128\" src=\"https:\/\/besafood.pl\/wp-content\/uploads\/2025\/06\/meat-1.png\" class=\"elementor-animation-pulse attachment-full size-full wp-image-151\" alt=\"\" \/><\/a><\/figure><div class=\"elementor-image-box-content\"><h3 class=\"elementor-image-box-title\"><a href=\"https:\/\/besafood.pl\/tr\/elementy-wolowe\/\">Dana Par\u00e7alar\u0131<\/a><\/h3><\/div><\/div>\t\t\t\t<\/div>\n\t\t\t\t<\/div>\n\t\t\t\t<\/div>\n\t\t\t\t<\/div>\n\t\t\t\t\t<\/div>\n\t\t\t\t<\/div>\n\t\t<div class=\"elementor-element elementor-element-b7e1809 e-con-full e-flex e-con e-parent\" data-id=\"b7e1809\" data-element_type=\"container\" data-settings=\"{&quot;background_background&quot;:&quot;classic&quot;}\">\n\t\t<div class=\"elementor-element elementor-element-1aec539 e-flex e-con-boxed e-con e-child\" data-id=\"1aec539\" data-element_type=\"container\">\n\t\t\t\t\t<div class=\"e-con-inner\">\n\t\t\t\t<div class=\"elementor-element elementor-element-5e9983e elementor-widget-divider--view-line_text elementor-widget-divider--element-align-center elementor-widget elementor-widget-divider\" data-id=\"5e9983e\" data-element_type=\"widget\" data-widget_type=\"divider.default\">\n\t\t\t\t<div class=\"elementor-widget-container\">\n\t\t\t\t\t\t\t<div class=\"elementor-divider\">\n\t\t\t<span class=\"elementor-divider-separator\">\n\t\t\t\t\t\t\t<h2 class=\"elementor-divider__text elementor-divider__element\">\n\t\t\t\tKebab Halal\t\t\t\t<\/h2>\n\t\t\t\t\t\t<\/span>\n\t\t<\/div>\n\t\t\t\t\t\t<\/div>\n\t\t\t\t<\/div>\n\t\t\t\t<div class=\"elementor-element elementor-element-ad59b7d elementor-widget elementor-widget-heading\" data-id=\"ad59b7d\" data-element_type=\"widget\" data-widget_type=\"heading.default\">\n\t\t\t\t<div class=\"elementor-widget-container\">\n\t\t\t\t\t<h2 class=\"elementor-heading-title elementor-size-default\">Kebab \u00dcreticisi<\/h2>\t\t\t\t<\/div>\n\t\t\t\t<\/div>\n\t\t\t\t<div class=\"elementor-element elementor-element-4700476 elementor-widget elementor-widget-text-editor\" data-id=\"4700476\" data-element_type=\"widget\" data-widget_type=\"text-editor.default\">\n\t\t\t\t<div class=\"elementor-widget-container\">\n\t\t\t\t\t\t\t\t\t<p data-start=\"108\" data-end=\"223\">Tutku ve \u00f6zveriyle, en se\u00e7ici m\u00fc\u015fterilerin beklentilerini bile kar\u015f\u0131layan kebaplar \u00fcretiyoruz.<\/p><p data-start=\"225\" data-end=\"340\">Avrupa\u2019n\u0131n her yerinde aktif olarak faaliyet g\u00f6steriyor ve \u00fcr\u00fcnlerimizi kalite ve lezzetin \u00f6nemli oldu\u011fu her yere ula\u015ft\u0131r\u0131yoruz.<\/p><p data-start=\"342\" data-end=\"635\">Besa Food yaln\u0131zca deneyimli bir ekip taraf\u0131ndan haz\u0131rlanan m\u00fckemmel kebaplardan ibaret de\u011fildir; ayn\u0131 zamanda \u00f6zenle kemiksiz hale getirilmi\u015f, birinci s\u0131n\u0131f taze ettir. Y\u0131llard\u0131r tan\u0131nm\u0131\u015f, sertifikal\u0131 HELAL mezbahalar\u0131yla i\u015fbirli\u011fi yap\u0131yoruz ve bu sayede en y\u00fcksek standartlara uygun \u00fcr\u00fcnler sunuyoruz.<\/p><p data-start=\"637\" data-end=\"862\">HELAL sertifikam\u0131z ve Siedlce yak\u0131nlar\u0131ndaki Ujrzan\u00f3w\u2019da bulunan modern \u00fcretim tesisimiz ile m\u00fc\u015fterilerimize g\u00fcvenlik, kalite ve \u00fcr\u00fcnlerimizin k\u00f6kenine tam g\u00fcven sunuyoruz.<\/p><p data-start=\"864\" data-end=\"970\">\u00dcr\u00fcnlerimizi bir\u00e7ok Avrupa \u00fclkesine ula\u015ft\u0131r\u0131yor ve memnun m\u00fc\u015fteri a\u011f\u0131m\u0131z\u0131 s\u00fcrekli geni\u015fletiyoruz.<\/p>\t\t\t\t\t\t\t\t<\/div>\n\t\t\t\t<\/div>\n\t\t\t\t<div class=\"elementor-element elementor-element-0b1ba3c elementor-widget elementor-widget-image\" data-id=\"0b1ba3c\" data-element_type=\"widget\" data-widget_type=\"image.default\">\n\t\t\t\t<div class=\"elementor-widget-container\">\n\t\t\t\t\t\t\t\t\t\t\t\t\t\t\t<img loading=\"lazy\" decoding=\"async\" width=\"1024\" height=\"1012\" src=\"https:\/\/besafood.pl\/wp-content\/uploads\/2025\/06\/Halal_logo.svg_-1024x1012.png\" class=\"attachment-large size-large wp-image-202\" alt=\"\" srcset=\"https:\/\/besafood.pl\/wp-content\/uploads\/2025\/06\/Halal_logo.svg_-1024x1012.png 1024w, https:\/\/besafood.pl\/wp-content\/uploads\/2025\/06\/Halal_logo.svg_-300x297.png 300w, https:\/\/besafood.pl\/wp-content\/uploads\/2025\/06\/Halal_logo.svg_-768x759.png 768w, https:\/\/besafood.pl\/wp-content\/uploads\/2025\/06\/Halal_logo.svg_.png 1200w\" sizes=\"(max-width: 1024px) 100vw, 1024px\" \/>\t\t\t\t\t\t\t\t\t\t\t\t\t\t\t<\/div>\n\t\t\t\t<\/div>\n\t\t\t\t\t<\/div>\n\t\t\t\t<\/div>\n\t\t\t\t<\/div>\n\t\t\t\t<\/div>","protected":false},"excerpt":{"rendered":"<p>Kebab Halal Jako\u015b\u0107, tradycja i do\u015bwiadczenie Besa Food Sp. z o.o. to firma z ponad dziesi\u0119cioletnim do\u015bwiadczeniem, dzia\u0142aj\u0105ca od 2011 [&hellip;]<\/p>","protected":false},"author":1,"featured_media":0,"parent":0,"menu_order":0,"comment_status":"closed","ping_status":"closed","template":"","meta":{"site-sidebar-layout":"no-sidebar","site-content-layout":"","ast-site-content-layout":"full-width-container","site-content-style":"default","site-sidebar-style":"default","ast-global-header-display":"","ast-banner-title-visibility":"","ast-main-header-display":"","ast-hfb-above-header-display":"","ast-hfb-below-header-display":"","ast-hfb-mobile-header-display":"","site-post-title":"disabled","ast-breadcrumbs-content":"","ast-featured-img":"disabled","footer-sml-layout":"","theme-transparent-header-meta":"","adv-header-id-meta":"","stick-header-meta":"","header-above-stick-meta":"","header-main-stick-meta":"","header-below-stick-meta":"","astra-migrate-meta-layouts":"default","ast-page-background-enabled":"default","ast-page-background-meta":{"desktop":{"background-color":"var(--ast-global-color-5)","background-image":"","background-repeat":"repeat","background-position":"center center","background-size":"auto","background-attachment":"scroll","background-type":"","background-media":"","overlay-type":"","overlay-color":"","overlay-opacity":"","overlay-gradient":""},"tablet":{"background-color":"","background-image":"","background-repeat":"repeat","background-position":"center center","background-size":"auto","background-attachment":"scroll","background-type":"","background-media":"","overlay-type":"","overlay-color":"","overlay-opacity":"","overlay-gradient":""},"mobile":{"background-color":"","background-image":"","background-repeat":"repeat","background-position":"center center","background-size":"auto","background-attachment":"scroll","background-type":"","background-media":"","overlay-type":"","overlay-color":"","overlay-opacity":"","overlay-gradient":""}},"ast-content-background-meta":{"desktop":{"background-color":"var(--ast-global-color-4)","background-image":"","background-repeat":"repeat","background-position":"center center","background-size":"auto","background-attachment":"scroll","background-type":"","background-media":"","overlay-type":"","overlay-color":"","overlay-opacity":"","overlay-gradient":""},"tablet":{"background-color":"var(--ast-global-color-4)","background-image":"","background-repeat":"repeat","background-position":"center center","background-size":"auto","background-attachment":"scroll","background-type":"","background-media":"","overlay-type":"","overlay-color":"","overlay-opacity":"","overlay-gradient":""},"mobile":{"background-color":"var(--ast-global-color-4)","background-image":"","background-repeat":"repeat","background-position":"center center","background-size":"auto","background-attachment":"scroll","background-type":"","background-media":"","overlay-type":"","overlay-color":"","overlay-opacity":"","overlay-gradient":""}},"footnotes":""},"class_list":["post-24","page","type-page","status-publish","hentry"],"_links":{"self":[{"href":"https:\/\/besafood.pl\/tr\/wp-json\/wp\/v2\/pages\/24","targetHints":{"allow":["GET"]}}],"collection":[{"href":"https:\/\/besafood.pl\/tr\/wp-json\/wp\/v2\/pages"}],"about":[{"href":"https:\/\/besafood.pl\/tr\/wp-json\/wp\/v2\/types\/page"}],"author":[{"embeddable":true,"href":"https:\/\/besafood.pl\/tr\/wp-json\/wp\/v2\/users\/1"}],"replies":[{"embeddable":true,"href":"https:\/\/besafood.pl\/tr\/wp-json\/wp\/v2\/comments?post=24"}],"version-history":[{"count":10,"href":"https:\/\/besafood.pl\/tr\/wp-json\/wp\/v2\/pages\/24\/revisions"}],"predecessor-version":[{"id":375,"href":"https:\/\/besafood.pl\/tr\/wp-json\/wp\/v2\/pages\/24\/revisions\/375"}],"wp:attachment":[{"href":"https:\/\/besafood.pl\/tr\/wp-json\/wp\/v2\/media?parent=24"}],"curies":[{"name":"wp","href":"https:\/\/api.w.org\/{rel}","templated":true}]}}